{"id":17985,"date":"2024-09-11T19:31:51","date_gmt":"2024-09-11T19:31:51","guid":{"rendered":"https:\/\/gruposotillo.com\/barranquilla\/?post_type=product&#038;p=17985"},"modified":"2025-05-23T17:14:45","modified_gmt":"2025-05-23T17:14:45","slug":"amarillo-manzanares-750ml","status":"publish","type":"product","link":"https:\/\/gruposotillo.com\/barranquilla\/producto\/amarillo-manzanares-750ml\/","title":{"rendered":"AMARILLO MANZANARES 750ML"},"content":{"rendered":"<p>El Aguardiente Amarillo\u00a0es una de las bebidas alcoh\u00f3licas m\u00e1s ic\u00f3nicas que hay en Colombia, no solo por ser considerado uno de los licores de este tipo m\u00e1s antiguo producido en el territorio nacional, sino por su inconfundible color y sabor caracter\u00edstico<br \/>\nLa receta de este producto combina la ca\u00f1a gorobeta, el an\u00eds sembrado en el cerro Guadalupe y el agua pura del nacimiento del R\u00edo Santo Domingo para darle un sabor fresco y arom\u00e1tico al que es considerado como \u2018el pionero de los aguardientes.<\/p>\n","protected":false},"excerpt":{"rendered":"<p>El Aguardiente Amarillo\u00a0es una de las bebidas alcoh\u00f3licas m\u00e1s ic\u00f3nicas que hay en Colombia, no solo por ser considerado uno<\/p>\n","protected":false},"featured_media":17986,"comment_status":"open","ping_status":"closed","template":"","meta":{"_acf_changed":false},"product_cat":[23],"product_tag":[],"class_list":{"0":"post-17985","1":"product","2":"type-product","3":"status-publish","4":"has-post-thumbnail","6":"product_cat-aguardiente","8":"first","9":"instock","10":"taxable","11":"shipping-taxable","12":"purchasable","13":"product-type-simple"},"acf":[],"jetpack_sharing_enabled":true,"_links":{"self":[{"href":"https:\/\/gruposotillo.com\/barranquilla\/wp-json\/wp\/v2\/product\/17985","targetHints":{"allow":["GET"]}}],"collection":[{"href":"https:\/\/gruposotillo.com\/barranquilla\/wp-json\/wp\/v2\/product"}],"about":[{"href":"https:\/\/gruposotillo.com\/barranquilla\/wp-json\/wp\/v2\/types\/product"}],"replies":[{"embeddable":true,"href":"https:\/\/gruposotillo.com\/barranquilla\/wp-json\/wp\/v2\/comments?post=17985"}],"wp:featuredmedia":[{"embeddable":true,"href":"https:\/\/gruposotillo.com\/barranquilla\/wp-json\/wp\/v2\/media\/17986"}],"wp:attachment":[{"href":"https:\/\/gruposotillo.com\/barranquilla\/wp-json\/wp\/v2\/media?parent=17985"}],"wp:term":[{"taxonomy":"product_cat","embeddable":true,"href":"https:\/\/gruposotillo.com\/barranquilla\/wp-json\/wp\/v2\/product_cat?post=17985"},{"taxonomy":"product_tag","embeddable":true,"href":"https:\/\/gruposotillo.com\/barranquilla\/wp-json\/wp\/v2\/product_tag?post=17985"}],"curies":[{"name":"wp","href":"https:\/\/api.w.org\/{rel}","templated":true}]}}