{"id":17933,"date":"2024-06-17T05:28:34","date_gmt":"2024-06-17T05:28:34","guid":{"rendered":"https:\/\/gruposotillo.com\/barranquilla\/?post_type=product&#038;p=17933"},"modified":"2025-07-10T20:44:46","modified_gmt":"2025-07-10T20:44:46","slug":"straw-melon-ice-and-straw-mango-ice-stlth-flip","status":"publish","type":"product","link":"https:\/\/gruposotillo.com\/barranquilla\/producto\/straw-melon-ice-and-straw-mango-ice-stlth-flip\/","title":{"rendered":"STRAW MELON ICE AND STRAW MANGO ICE &#8211; STLTH FLIP"},"content":{"rendered":"<h3 class=\"product-info-description-title\">Contenido<\/h3>\n<p class=\"p1\">Inicia tu experiencia con la dulzura de las fresas maduras y el mel\u00f3n crujiente, realzada por un suave toque de hielo. A continuaci\u00f3n, dale la vuelta a la boquilla para disfrutar de la esencia de las suculentas fresas y el delicioso mango, acompa\u00f1adas de un refrescante matiz helado.<\/p>\n<p class=\"p1\"><strong>Categor\u00eda: FRUTALES MENTOLADOS<\/strong><\/p>\n<ul>\n<li>Contenido: 16 ML<\/li>\n<li>Nivel de Nicotina: 50 MG\/mL<\/li>\n<li>Capacidad de la bater\u00eda recargable: 700 mAh<\/li>\n<li>Calada: Hasta 9000 puff*<\/li>\n<li>Dimensiones : 86,8 mm x 28,5 mm x\u00a050,1 mm<\/li>\n<\/ul>\n<p>&nbsp;<\/p>\n<ul>\n<li>\n<h6>*El conteo de puffs puede variar seg\u00fan el h\u00e1bito de uso de las personas<\/h6>\n<\/li>\n<\/ul>\n<p><strong>1 nivel de Nicotina:\u00a0 50 mg<\/strong><\/p>\n<hr \/>\n<p>Cada gama de sabores es elaborada dise\u00f1ada espec\u00edficamente para STLTH.<\/p>\n<p>Nuestra mezcla de nicotina es patentada, fabricada con el prop\u00f3sito de ser extra suave para adaptarse a los fumadores adultos que buscan cambiar el tabaco tradicional.<\/p>\n<p>18+ Los productos de vapeo contienen nicotina,\u00a0<strong>la cual es altamente adictiva.<\/strong>\u00a0Productos nocivos para la salud.\u00a0<strong>Prohibida su venta a menores de edad<\/strong><\/p>\n","protected":false},"excerpt":{"rendered":"<p>Contenido Inicia tu experiencia con la dulzura de las fresas maduras y el mel\u00f3n crujiente, realzada por un suave toque<\/p>\n","protected":false},"featured_media":17934,"comment_status":"open","ping_status":"closed","template":"","meta":{"_acf_changed":false},"product_cat":[36],"product_tag":[],"class_list":{"0":"post-17933","1":"product","2":"type-product","3":"status-publish","4":"has-post-thumbnail","6":"product_cat-vapeadores","8":"first","9":"instock","10":"sale","11":"taxable","12":"shipping-taxable","13":"purchasable","14":"product-type-simple"},"acf":[],"jetpack_sharing_enabled":true,"_links":{"self":[{"href":"https:\/\/gruposotillo.com\/barranquilla\/wp-json\/wp\/v2\/product\/17933","targetHints":{"allow":["GET"]}}],"collection":[{"href":"https:\/\/gruposotillo.com\/barranquilla\/wp-json\/wp\/v2\/product"}],"about":[{"href":"https:\/\/gruposotillo.com\/barranquilla\/wp-json\/wp\/v2\/types\/product"}],"replies":[{"embeddable":true,"href":"https:\/\/gruposotillo.com\/barranquilla\/wp-json\/wp\/v2\/comments?post=17933"}],"wp:featuredmedia":[{"embeddable":true,"href":"https:\/\/gruposotillo.com\/barranquilla\/wp-json\/wp\/v2\/media\/17934"}],"wp:attachment":[{"href":"https:\/\/gruposotillo.com\/barranquilla\/wp-json\/wp\/v2\/media?parent=17933"}],"wp:term":[{"taxonomy":"product_cat","embeddable":true,"href":"https:\/\/gruposotillo.com\/barranquilla\/wp-json\/wp\/v2\/product_cat?post=17933"},{"taxonomy":"product_tag","embeddable":true,"href":"https:\/\/gruposotillo.com\/barranquilla\/wp-json\/wp\/v2\/product_tag?post=17933"}],"curies":[{"name":"wp","href":"https:\/\/api.w.org\/{rel}","templated":true}]}}