{"id":15627,"date":"2023-02-18T13:20:38","date_gmt":"2023-02-18T13:20:38","guid":{"rendered":"https:\/\/gruposotillo.com\/barranquilla\/?post_type=product&#038;p=15627"},"modified":"2024-05-21T13:21:33","modified_gmt":"2024-05-21T13:21:33","slug":"flor-de-cana-7-anos","status":"publish","type":"product","link":"https:\/\/gruposotillo.com\/barranquilla\/producto\/flor-de-cana-7-anos\/","title":{"rendered":"FLOR DE CA\u00d1A 7 A\u00d1OS"},"content":{"rendered":"<p>FLOR DE CA\u00d1A 7 A\u00d1OS<\/p>\n","protected":false},"excerpt":{"rendered":"<p>Flor de Ca\u00f1a es un ron premium producido de manera sostenible y con cero contenido de az\u00facar. Con 130 a\u00f1os y 5 generaciones de historia familiar, es destilado con energ\u00eda 100% renovable y a\u00f1ejado naturalmente sin ingredientes artificiales. Premiado \u201cMejor Productor de Ron del Mundo\u201d (IWSC \u201917).<\/p>\n","protected":false},"featured_media":15628,"comment_status":"closed","ping_status":"closed","template":"","meta":{"_acf_changed":false},"product_cat":[24],"product_tag":[],"class_list":{"0":"post-15627","1":"product","2":"type-product","3":"status-publish","4":"has-post-thumbnail","6":"product_cat-ron","8":"first","9":"instock","10":"taxable","11":"shipping-taxable","12":"purchasable","13":"product-type-simple"},"acf":[],"jetpack_sharing_enabled":true,"_links":{"self":[{"href":"https:\/\/gruposotillo.com\/barranquilla\/wp-json\/wp\/v2\/product\/15627","targetHints":{"allow":["GET"]}}],"collection":[{"href":"https:\/\/gruposotillo.com\/barranquilla\/wp-json\/wp\/v2\/product"}],"about":[{"href":"https:\/\/gruposotillo.com\/barranquilla\/wp-json\/wp\/v2\/types\/product"}],"replies":[{"embeddable":true,"href":"https:\/\/gruposotillo.com\/barranquilla\/wp-json\/wp\/v2\/comments?post=15627"}],"wp:featuredmedia":[{"embeddable":true,"href":"https:\/\/gruposotillo.com\/barranquilla\/wp-json\/wp\/v2\/media\/15628"}],"wp:attachment":[{"href":"https:\/\/gruposotillo.com\/barranquilla\/wp-json\/wp\/v2\/media?parent=15627"}],"wp:term":[{"taxonomy":"product_cat","embeddable":true,"href":"https:\/\/gruposotillo.com\/barranquilla\/wp-json\/wp\/v2\/product_cat?post=15627"},{"taxonomy":"product_tag","embeddable":true,"href":"https:\/\/gruposotillo.com\/barranquilla\/wp-json\/wp\/v2\/product_tag?post=15627"}],"curies":[{"name":"wp","href":"https:\/\/api.w.org\/{rel}","templated":true}]}}