{"id":15581,"date":"2023-02-18T13:20:32","date_gmt":"2023-02-18T13:20:32","guid":{"rendered":"https:\/\/gruposotillo.com\/barranquilla\/?post_type=product&#038;p=15581"},"modified":"2024-05-21T16:29:56","modified_gmt":"2024-05-21T16:29:56","slug":"smirnoff-lulo-tetrapack-1000ml","status":"publish","type":"product","link":"https:\/\/gruposotillo.com\/barranquilla\/producto\/smirnoff-lulo-tetrapack-1000ml\/","title":{"rendered":"SMIRNOFF LULO TETRAPACK 1000ML"},"content":{"rendered":"<p>SMIRNOFF LULO TETRAPACK 1000ML<\/p>\n","protected":false},"excerpt":{"rendered":"<p>para tom\u00e1rselo en Shots, pensado en un p\u00fablico joven, que busca nuevas opciones de consumo y que disfruta de experiencias \u00fanicas y diferentes con amigos<\/p>\n","protected":false},"featured_media":15582,"comment_status":"closed","ping_status":"closed","template":"","meta":{"_acf_changed":false},"product_cat":[26],"product_tag":[],"class_list":{"0":"post-15581","1":"product","2":"type-product","3":"status-publish","4":"has-post-thumbnail","6":"product_cat-vodka","8":"first","9":"instock","10":"taxable","11":"shipping-taxable","12":"purchasable","13":"product-type-simple"},"acf":[],"jetpack_sharing_enabled":true,"_links":{"self":[{"href":"https:\/\/gruposotillo.com\/barranquilla\/wp-json\/wp\/v2\/product\/15581","targetHints":{"allow":["GET"]}}],"collection":[{"href":"https:\/\/gruposotillo.com\/barranquilla\/wp-json\/wp\/v2\/product"}],"about":[{"href":"https:\/\/gruposotillo.com\/barranquilla\/wp-json\/wp\/v2\/types\/product"}],"replies":[{"embeddable":true,"href":"https:\/\/gruposotillo.com\/barranquilla\/wp-json\/wp\/v2\/comments?post=15581"}],"wp:featuredmedia":[{"embeddable":true,"href":"https:\/\/gruposotillo.com\/barranquilla\/wp-json\/wp\/v2\/media\/15582"}],"wp:attachment":[{"href":"https:\/\/gruposotillo.com\/barranquilla\/wp-json\/wp\/v2\/media?parent=15581"}],"wp:term":[{"taxonomy":"product_cat","embeddable":true,"href":"https:\/\/gruposotillo.com\/barranquilla\/wp-json\/wp\/v2\/product_cat?post=15581"},{"taxonomy":"product_tag","embeddable":true,"href":"https:\/\/gruposotillo.com\/barranquilla\/wp-json\/wp\/v2\/product_tag?post=15581"}],"curies":[{"name":"wp","href":"https:\/\/api.w.org\/{rel}","templated":true}]}}