{"id":15531,"date":"2023-02-18T13:20:25","date_gmt":"2023-02-18T13:20:25","guid":{"rendered":"https:\/\/gruposotillo.com\/barranquilla\/?post_type=product&#038;p=15531"},"modified":"2024-05-21T16:43:10","modified_gmt":"2024-05-21T16:43:10","slug":"the-singleton-12-anos-750ml","status":"publish","type":"product","link":"https:\/\/gruposotillo.com\/barranquilla\/producto\/the-singleton-12-anos-750ml\/","title":{"rendered":"THE SINGLETON 12 A\u00d1OS 750ML"},"content":{"rendered":"<p>THE SINGLETON 12 A\u00d1OS 750ML<\/p>\n","protected":false},"excerpt":{"rendered":"<p>El whisky escoc\u00e9s The Singleton Single Malt proviene \u00fanicamente de destiler\u00edas fundadas en el siglo XIX, destiler\u00edas de Glen Ord, Glendullan y Dufftown<\/p>\n","protected":false},"featured_media":15532,"comment_status":"closed","ping_status":"closed","template":"","meta":{"_acf_changed":false},"product_cat":[50],"product_tag":[],"class_list":{"0":"post-15531","1":"product","2":"type-product","3":"status-publish","4":"has-post-thumbnail","6":"product_cat-single-malt-whisky","8":"first","9":"instock","10":"taxable","11":"shipping-taxable","12":"purchasable","13":"product-type-simple"},"acf":[],"jetpack_sharing_enabled":true,"_links":{"self":[{"href":"https:\/\/gruposotillo.com\/barranquilla\/wp-json\/wp\/v2\/product\/15531","targetHints":{"allow":["GET"]}}],"collection":[{"href":"https:\/\/gruposotillo.com\/barranquilla\/wp-json\/wp\/v2\/product"}],"about":[{"href":"https:\/\/gruposotillo.com\/barranquilla\/wp-json\/wp\/v2\/types\/product"}],"replies":[{"embeddable":true,"href":"https:\/\/gruposotillo.com\/barranquilla\/wp-json\/wp\/v2\/comments?post=15531"}],"wp:featuredmedia":[{"embeddable":true,"href":"https:\/\/gruposotillo.com\/barranquilla\/wp-json\/wp\/v2\/media\/15532"}],"wp:attachment":[{"href":"https:\/\/gruposotillo.com\/barranquilla\/wp-json\/wp\/v2\/media?parent=15531"}],"wp:term":[{"taxonomy":"product_cat","embeddable":true,"href":"https:\/\/gruposotillo.com\/barranquilla\/wp-json\/wp\/v2\/product_cat?post=15531"},{"taxonomy":"product_tag","embeddable":true,"href":"https:\/\/gruposotillo.com\/barranquilla\/wp-json\/wp\/v2\/product_tag?post=15531"}],"curies":[{"name":"wp","href":"https:\/\/api.w.org\/{rel}","templated":true}]}}