{"id":15521,"date":"2023-02-18T13:20:24","date_gmt":"2023-02-18T13:20:24","guid":{"rendered":"https:\/\/gruposotillo.com\/barranquilla\/?post_type=product&#038;p=15521"},"modified":"2025-07-10T23:24:02","modified_gmt":"2025-07-10T23:24:02","slug":"the-macallan-triple-cask-12-anos","status":"publish","type":"product","link":"https:\/\/gruposotillo.com\/barranquilla\/producto\/the-macallan-triple-cask-12-anos\/","title":{"rendered":"THE MACALLAN TRIPLE CASK 12 A\u00d1OS"},"content":{"rendered":"<p>THE MACALLAN TRIPLE CASK 12 A\u00d1OS<\/p>\n","protected":false},"excerpt":{"rendered":"<p>The Macallan Triple Cask Matured 12 Years Old forma parte de nuestra gama Triple Cask Matured, una serie de whiskies single malt elaborados en una combinaci\u00f3n de tres barricas: barricas de roble europeo y americano que previamente han albergado jerez y barricas de roble americano que antes conten\u00edan bourbon. Esta combinaci\u00f3n compleja de barricas de roble otorga un car\u00e1cter extraordinariamente suave y delicado que est\u00e1 repleto de frutas c\u00edtricas, vainilla y roble fresco<\/p>\n","protected":false},"featured_media":15522,"comment_status":"closed","ping_status":"closed","template":"","meta":{"_acf_changed":false},"product_cat":[50],"product_tag":[],"class_list":{"0":"post-15521","1":"product","2":"type-product","3":"status-publish","4":"has-post-thumbnail","6":"product_cat-single-malt-whisky","8":"first","9":"outofstock","10":"taxable","11":"shipping-taxable","12":"purchasable","13":"product-type-simple"},"acf":[],"jetpack_sharing_enabled":true,"_links":{"self":[{"href":"https:\/\/gruposotillo.com\/barranquilla\/wp-json\/wp\/v2\/product\/15521","targetHints":{"allow":["GET"]}}],"collection":[{"href":"https:\/\/gruposotillo.com\/barranquilla\/wp-json\/wp\/v2\/product"}],"about":[{"href":"https:\/\/gruposotillo.com\/barranquilla\/wp-json\/wp\/v2\/types\/product"}],"replies":[{"embeddable":true,"href":"https:\/\/gruposotillo.com\/barranquilla\/wp-json\/wp\/v2\/comments?post=15521"}],"wp:featuredmedia":[{"embeddable":true,"href":"https:\/\/gruposotillo.com\/barranquilla\/wp-json\/wp\/v2\/media\/15522"}],"wp:attachment":[{"href":"https:\/\/gruposotillo.com\/barranquilla\/wp-json\/wp\/v2\/media?parent=15521"}],"wp:term":[{"taxonomy":"product_cat","embeddable":true,"href":"https:\/\/gruposotillo.com\/barranquilla\/wp-json\/wp\/v2\/product_cat?post=15521"},{"taxonomy":"product_tag","embeddable":true,"href":"https:\/\/gruposotillo.com\/barranquilla\/wp-json\/wp\/v2\/product_tag?post=15521"}],"curies":[{"name":"wp","href":"https:\/\/api.w.org\/{rel}","templated":true}]}}