{"id":15501,"date":"2023-02-18T13:20:22","date_gmt":"2023-02-18T13:20:22","guid":{"rendered":"https:\/\/gruposotillo.com\/barranquilla\/?post_type=product&#038;p=15501"},"modified":"2024-05-21T16:50:25","modified_gmt":"2024-05-21T16:50:25","slug":"becks-275ml","status":"publish","type":"product","link":"https:\/\/gruposotillo.com\/barranquilla\/producto\/becks-275ml\/","title":{"rendered":"BECK\u00b4S 275ML"},"content":{"rendered":"<p>BECK\u00b4S 275ML<\/p>\n","protected":false},"excerpt":{"rendered":"<p><b>Beck&#8217;s<\/b>\u00a0es el nombre de una\u00a0<a title=\"Cerveza\" href=\"https:\/\/es.wikipedia.org\/wiki\/Cerveza\">cerveza<\/a>\u00a0tipo\u00a0<a title=\"Pilsener\" href=\"https:\/\/es.wikipedia.org\/wiki\/Pilsener\">pilsener<\/a>\u00a0<a title=\"Alemania\" href=\"https:\/\/es.wikipedia.org\/wiki\/Alemania\">alemana<\/a>\u00a0de amplio consumo nacional. La mayor cervecer\u00eda de Beck&#8217;s est\u00e1 situada en la ciudad de\u00a0<a class=\"mw-redirect\" title=\"Bremen (ciudad)\" href=\"https:\/\/es.wikipedia.org\/wiki\/Bremen_(ciudad)\">Bremen<\/a>\u00a0en el norte de Alemania, pero a pesar de ello es muy consumida tambi\u00e9n en Inglaterra. Beck&#8217;s fue fundada en el a\u00f1o 1873 y pertenece a la cervecer\u00eda alemana\u00a0<i>Brauerei Beck GmbH &amp; Co KG<\/i>. En 2002 dicha cervecer\u00eda fue comprada por la empresa belga\u00a0<a title=\"Interbrew\" href=\"https:\/\/es.wikipedia.org\/wiki\/Interbrew\">Interbrew<\/a>. Desde 2004, Interbrew se fusion\u00f3 con\u00a0<a title=\"AmBev\" href=\"https:\/\/es.wikipedia.org\/wiki\/AmBev\">AmBev<\/a>\u00a0y ahora se conoce como\u00a0<a title=\"InBev\" href=\"https:\/\/es.wikipedia.org\/wiki\/InBev\">InBev<\/a>. Posteriormente Inbev adquiri\u00f3\u00a0<a title=\"Anheuser-Busch\" href=\"https:\/\/es.wikipedia.org\/wiki\/Anheuser-Busch\">Anheuser-Busch<\/a>\u00a0para formar\u00a0<a class=\"mw-redirect\" title=\"AB InBev\" href=\"https:\/\/es.wikipedia.org\/wiki\/AB_InBev\">AB InBev<\/a>. AB Inbev es una de las compa\u00f1\u00edas cerveceras m\u00e1s grandes del mundo.<\/p>\n","protected":false},"featured_media":15502,"comment_status":"closed","ping_status":"closed","template":"","meta":{"_acf_changed":false},"product_cat":[29],"product_tag":[],"class_list":{"0":"post-15501","1":"product","2":"type-product","3":"status-publish","4":"has-post-thumbnail","6":"product_cat-cerveza","8":"first","9":"outofstock","10":"taxable","11":"shipping-taxable","12":"purchasable","13":"product-type-simple"},"acf":[],"jetpack_sharing_enabled":true,"_links":{"self":[{"href":"https:\/\/gruposotillo.com\/barranquilla\/wp-json\/wp\/v2\/product\/15501","targetHints":{"allow":["GET"]}}],"collection":[{"href":"https:\/\/gruposotillo.com\/barranquilla\/wp-json\/wp\/v2\/product"}],"about":[{"href":"https:\/\/gruposotillo.com\/barranquilla\/wp-json\/wp\/v2\/types\/product"}],"replies":[{"embeddable":true,"href":"https:\/\/gruposotillo.com\/barranquilla\/wp-json\/wp\/v2\/comments?post=15501"}],"wp:featuredmedia":[{"embeddable":true,"href":"https:\/\/gruposotillo.com\/barranquilla\/wp-json\/wp\/v2\/media\/15502"}],"wp:attachment":[{"href":"https:\/\/gruposotillo.com\/barranquilla\/wp-json\/wp\/v2\/media?parent=15501"}],"wp:term":[{"taxonomy":"product_cat","embeddable":true,"href":"https:\/\/gruposotillo.com\/barranquilla\/wp-json\/wp\/v2\/product_cat?post=15501"},{"taxonomy":"product_tag","embeddable":true,"href":"https:\/\/gruposotillo.com\/barranquilla\/wp-json\/wp\/v2\/product_tag?post=15501"}],"curies":[{"name":"wp","href":"https:\/\/api.w.org\/{rel}","templated":true}]}}