{"id":15258,"date":"2023-02-18T13:19:51","date_gmt":"2023-02-18T13:19:51","guid":{"rendered":"https:\/\/gruposotillo.com\/barranquilla\/?post_type=product&#038;p=15258"},"modified":"2024-05-21T19:15:35","modified_gmt":"2024-05-21T19:15:35","slug":"glenfiddich-12-anos-750ml","status":"publish","type":"product","link":"https:\/\/gruposotillo.com\/barranquilla\/producto\/glenfiddich-12-anos-750ml\/","title":{"rendered":"GLENFIDDICH 12 A\u00d1OS 750ML"},"content":{"rendered":"<p>GLENFIDDICH 12 A\u00d1OS 750ML<\/p>\n","protected":false},"excerpt":{"rendered":"<p>Glenfiddich produce sus whiskyes en la regi\u00f3n escocesa de las Tierras Altas, en una zona situada al lado del rio Speyside, de donde obtiene un agua de una gran calidad para elaborar sus whiskyes.El whisky de malta Glenfiddich 12 a\u00f1os es el peque\u00f1o de los hermanos de una gran familia de whiskys single malt en\u00a0 la cual destacan el 15 a\u00f1os y el 18 a\u00f1os en una primera fase y los exclusivos 21 a\u00f1os y 30 a\u00f1os.<\/p>\n","protected":false},"featured_media":15259,"comment_status":"closed","ping_status":"closed","template":"","meta":{"_acf_changed":false},"product_cat":[50],"product_tag":[],"class_list":{"0":"post-15258","1":"product","2":"type-product","3":"status-publish","4":"has-post-thumbnail","6":"product_cat-single-malt-whisky","8":"first","9":"instock","10":"taxable","11":"shipping-taxable","12":"purchasable","13":"product-type-simple"},"acf":[],"jetpack_sharing_enabled":true,"_links":{"self":[{"href":"https:\/\/gruposotillo.com\/barranquilla\/wp-json\/wp\/v2\/product\/15258","targetHints":{"allow":["GET"]}}],"collection":[{"href":"https:\/\/gruposotillo.com\/barranquilla\/wp-json\/wp\/v2\/product"}],"about":[{"href":"https:\/\/gruposotillo.com\/barranquilla\/wp-json\/wp\/v2\/types\/product"}],"replies":[{"embeddable":true,"href":"https:\/\/gruposotillo.com\/barranquilla\/wp-json\/wp\/v2\/comments?post=15258"}],"wp:featuredmedia":[{"embeddable":true,"href":"https:\/\/gruposotillo.com\/barranquilla\/wp-json\/wp\/v2\/media\/15259"}],"wp:attachment":[{"href":"https:\/\/gruposotillo.com\/barranquilla\/wp-json\/wp\/v2\/media?parent=15258"}],"wp:term":[{"taxonomy":"product_cat","embeddable":true,"href":"https:\/\/gruposotillo.com\/barranquilla\/wp-json\/wp\/v2\/product_cat?post=15258"},{"taxonomy":"product_tag","embeddable":true,"href":"https:\/\/gruposotillo.com\/barranquilla\/wp-json\/wp\/v2\/product_tag?post=15258"}],"curies":[{"name":"wp","href":"https:\/\/api.w.org\/{rel}","templated":true}]}}