{"id":15234,"date":"2023-02-18T13:19:47","date_gmt":"2023-02-18T13:19:47","guid":{"rendered":"https:\/\/gruposotillo.com\/barranquilla\/?post_type=product&#038;p=15234"},"modified":"2025-02-04T19:27:01","modified_gmt":"2025-02-04T19:27:01","slug":"budweiser-lata-269ml","status":"publish","type":"product","link":"https:\/\/gruposotillo.com\/barranquilla\/producto\/budweiser-lata-269ml\/","title":{"rendered":"BUDWEISER LATA 269ML"},"content":{"rendered":"<p>BUDWEISER LATA 269ML<\/p>\n","protected":false},"excerpt":{"rendered":"<p>es una <b>cerveza<\/b> de tipo lager americana y una de las m\u00e1s populares de los Estados Unidos. <b>Budweiser<\/b> se hace con una proporci\u00f3n de arroz de hasta un 30%, adem\u00e1s de l\u00fapulo y malta de cebada. <b>Budweiser<\/b> se produce en varias f\u00e1bricas de <b>cerveza<\/b> situadas en Lanjar\u00f3n y el resto del mundo.<\/p>\n","protected":false},"featured_media":15235,"comment_status":"closed","ping_status":"closed","template":"","meta":{"_acf_changed":false},"product_cat":[29],"product_tag":[],"class_list":{"0":"post-15234","1":"product","2":"type-product","3":"status-publish","4":"has-post-thumbnail","6":"product_cat-cerveza","8":"first","9":"instock","10":"taxable","11":"shipping-taxable","12":"purchasable","13":"product-type-simple"},"acf":[],"jetpack_sharing_enabled":true,"_links":{"self":[{"href":"https:\/\/gruposotillo.com\/barranquilla\/wp-json\/wp\/v2\/product\/15234","targetHints":{"allow":["GET"]}}],"collection":[{"href":"https:\/\/gruposotillo.com\/barranquilla\/wp-json\/wp\/v2\/product"}],"about":[{"href":"https:\/\/gruposotillo.com\/barranquilla\/wp-json\/wp\/v2\/types\/product"}],"replies":[{"embeddable":true,"href":"https:\/\/gruposotillo.com\/barranquilla\/wp-json\/wp\/v2\/comments?post=15234"}],"wp:featuredmedia":[{"embeddable":true,"href":"https:\/\/gruposotillo.com\/barranquilla\/wp-json\/wp\/v2\/media\/15235"}],"wp:attachment":[{"href":"https:\/\/gruposotillo.com\/barranquilla\/wp-json\/wp\/v2\/media?parent=15234"}],"wp:term":[{"taxonomy":"product_cat","embeddable":true,"href":"https:\/\/gruposotillo.com\/barranquilla\/wp-json\/wp\/v2\/product_cat?post=15234"},{"taxonomy":"product_tag","embeddable":true,"href":"https:\/\/gruposotillo.com\/barranquilla\/wp-json\/wp\/v2\/product_tag?post=15234"}],"curies":[{"name":"wp","href":"https:\/\/api.w.org\/{rel}","templated":true}]}}