{"id":15108,"date":"2023-02-18T13:19:30","date_gmt":"2023-02-18T13:19:30","guid":{"rendered":"https:\/\/gruposotillo.com\/barranquilla\/?post_type=product&#038;p=15108"},"modified":"2023-12-13T08:54:59","modified_gmt":"2023-12-13T08:54:59","slug":"havana-club-anejo-especial-750-ml","status":"publish","type":"product","link":"https:\/\/gruposotillo.com\/barranquilla\/producto\/havana-club-anejo-especial-750-ml\/","title":{"rendered":"HAVANA CLUB A\u00d1EJO ESPECIAL 750 ML"},"content":{"rendered":"<p>HAVANA CLUB A\u00d1EJO ESPECIAL 750 ML<\/p>\n","protected":false},"excerpt":{"rendered":"<p>Havana Club A\u00f1ejo Especial se a\u00f1eja doblemente en barriles de roble blanco joven para crear el ron perfecto para un aut\u00e9ntico Cuba Libre.\u00a0El uso de barriles de roble blanco joven seleccionados para el segundo acabado, o doble proceso de a\u00f1ejamiento, crea un perfil de sabor \u00fanico con notas de vainilla y caramelo, as\u00ed como un toque de madera que emana de los barriles.<\/p>\n<div class=\"citation\"><\/div>\n","protected":false},"featured_media":15109,"comment_status":"closed","ping_status":"closed","template":"","meta":{"_acf_changed":false},"product_cat":[24],"product_tag":[],"class_list":{"0":"post-15108","1":"product","2":"type-product","3":"status-publish","4":"has-post-thumbnail","6":"product_cat-ron","8":"first","9":"instock","10":"taxable","11":"shipping-taxable","12":"purchasable","13":"product-type-simple"},"acf":[],"jetpack_sharing_enabled":true,"_links":{"self":[{"href":"https:\/\/gruposotillo.com\/barranquilla\/wp-json\/wp\/v2\/product\/15108","targetHints":{"allow":["GET"]}}],"collection":[{"href":"https:\/\/gruposotillo.com\/barranquilla\/wp-json\/wp\/v2\/product"}],"about":[{"href":"https:\/\/gruposotillo.com\/barranquilla\/wp-json\/wp\/v2\/types\/product"}],"replies":[{"embeddable":true,"href":"https:\/\/gruposotillo.com\/barranquilla\/wp-json\/wp\/v2\/comments?post=15108"}],"wp:featuredmedia":[{"embeddable":true,"href":"https:\/\/gruposotillo.com\/barranquilla\/wp-json\/wp\/v2\/media\/15109"}],"wp:attachment":[{"href":"https:\/\/gruposotillo.com\/barranquilla\/wp-json\/wp\/v2\/media?parent=15108"}],"wp:term":[{"taxonomy":"product_cat","embeddable":true,"href":"https:\/\/gruposotillo.com\/barranquilla\/wp-json\/wp\/v2\/product_cat?post=15108"},{"taxonomy":"product_tag","embeddable":true,"href":"https:\/\/gruposotillo.com\/barranquilla\/wp-json\/wp\/v2\/product_tag?post=15108"}],"curies":[{"name":"wp","href":"https:\/\/api.w.org\/{rel}","templated":true}]}}