{"id":15106,"date":"2023-02-18T13:19:30","date_gmt":"2023-02-18T13:19:30","guid":{"rendered":"https:\/\/gruposotillo.com\/barranquilla\/?post_type=product&#038;p=15106"},"modified":"2023-12-13T08:54:45","modified_gmt":"2023-12-13T08:54:45","slug":"havana-club-anejo-7-anos-750-ml","status":"publish","type":"product","link":"https:\/\/gruposotillo.com\/barranquilla\/producto\/havana-club-anejo-7-anos-750-ml\/","title":{"rendered":"HAVANA CLUB A\u00d1EJO 7 A\u00d1OS 750 ML"},"content":{"rendered":"<p>HAVANA CLUB A\u00d1EJO 7 A\u00d1OS 750 ML<\/p>\n","protected":false},"excerpt":{"rendered":"<p>HAVANA CLUB A\u00d1EJO 7 A\u00d1OS 750 ML<\/p>\n","protected":false},"featured_media":15107,"comment_status":"closed","ping_status":"closed","template":"","meta":{"_acf_changed":false},"product_cat":[24],"product_tag":[],"class_list":{"0":"post-15106","1":"product","2":"type-product","3":"status-publish","4":"has-post-thumbnail","6":"product_cat-ron","8":"first","9":"instock","10":"taxable","11":"shipping-taxable","12":"purchasable","13":"product-type-simple"},"acf":[],"jetpack_sharing_enabled":true,"_links":{"self":[{"href":"https:\/\/gruposotillo.com\/barranquilla\/wp-json\/wp\/v2\/product\/15106","targetHints":{"allow":["GET"]}}],"collection":[{"href":"https:\/\/gruposotillo.com\/barranquilla\/wp-json\/wp\/v2\/product"}],"about":[{"href":"https:\/\/gruposotillo.com\/barranquilla\/wp-json\/wp\/v2\/types\/product"}],"replies":[{"embeddable":true,"href":"https:\/\/gruposotillo.com\/barranquilla\/wp-json\/wp\/v2\/comments?post=15106"}],"wp:featuredmedia":[{"embeddable":true,"href":"https:\/\/gruposotillo.com\/barranquilla\/wp-json\/wp\/v2\/media\/15107"}],"wp:attachment":[{"href":"https:\/\/gruposotillo.com\/barranquilla\/wp-json\/wp\/v2\/media?parent=15106"}],"wp:term":[{"taxonomy":"product_cat","embeddable":true,"href":"https:\/\/gruposotillo.com\/barranquilla\/wp-json\/wp\/v2\/product_cat?post=15106"},{"taxonomy":"product_tag","embeddable":true,"href":"https:\/\/gruposotillo.com\/barranquilla\/wp-json\/wp\/v2\/product_tag?post=15106"}],"curies":[{"name":"wp","href":"https:\/\/api.w.org\/{rel}","templated":true}]}}