{"id":15104,"date":"2023-02-18T13:19:30","date_gmt":"2023-02-18T13:19:30","guid":{"rendered":"https:\/\/gruposotillo.com\/barranquilla\/?post_type=product&#038;p=15104"},"modified":"2024-05-21T19:58:28","modified_gmt":"2024-05-21T19:58:28","slug":"havana-club-3-anos-750-ml","status":"publish","type":"product","link":"https:\/\/gruposotillo.com\/barranquilla\/producto\/havana-club-3-anos-750-ml\/","title":{"rendered":"HAVANA CLUB 3 A\u00d1OS 750 ML"},"content":{"rendered":"<p>HAVANA CLUB 3 A\u00d1OS 750 ML<\/p>\n","protected":false},"excerpt":{"rendered":"<p>Ron Havana Club 3 a\u00f1os, el ingrediente perfecto para crear el coctel Mojito. Sus notas al paladar brindan sabores de miel, pi\u00f1a y algo de madera, dado su proceso de a\u00f1ejamiento que se realiza durante 3 a\u00f1os en barricas de roble de madera donde antes se fermentaba bourbon.<\/p>\n","protected":false},"featured_media":15105,"comment_status":"closed","ping_status":"closed","template":"","meta":{"_acf_changed":false},"product_cat":[24],"product_tag":[],"class_list":{"0":"post-15104","1":"product","2":"type-product","3":"status-publish","4":"has-post-thumbnail","6":"product_cat-ron","8":"first","9":"instock","10":"taxable","11":"shipping-taxable","12":"purchasable","13":"product-type-simple"},"acf":[],"jetpack_sharing_enabled":true,"_links":{"self":[{"href":"https:\/\/gruposotillo.com\/barranquilla\/wp-json\/wp\/v2\/product\/15104","targetHints":{"allow":["GET"]}}],"collection":[{"href":"https:\/\/gruposotillo.com\/barranquilla\/wp-json\/wp\/v2\/product"}],"about":[{"href":"https:\/\/gruposotillo.com\/barranquilla\/wp-json\/wp\/v2\/types\/product"}],"replies":[{"embeddable":true,"href":"https:\/\/gruposotillo.com\/barranquilla\/wp-json\/wp\/v2\/comments?post=15104"}],"wp:featuredmedia":[{"embeddable":true,"href":"https:\/\/gruposotillo.com\/barranquilla\/wp-json\/wp\/v2\/media\/15105"}],"wp:attachment":[{"href":"https:\/\/gruposotillo.com\/barranquilla\/wp-json\/wp\/v2\/media?parent=15104"}],"wp:term":[{"taxonomy":"product_cat","embeddable":true,"href":"https:\/\/gruposotillo.com\/barranquilla\/wp-json\/wp\/v2\/product_cat?post=15104"},{"taxonomy":"product_tag","embeddable":true,"href":"https:\/\/gruposotillo.com\/barranquilla\/wp-json\/wp\/v2\/product_tag?post=15104"}],"curies":[{"name":"wp","href":"https:\/\/api.w.org\/{rel}","templated":true}]}}