{"id":15086,"date":"2023-02-18T13:19:27","date_gmt":"2023-02-18T13:19:27","guid":{"rendered":"https:\/\/gruposotillo.com\/barranquilla\/?post_type=product&#038;p=15086"},"modified":"2024-05-21T19:59:42","modified_gmt":"2024-05-21T19:59:42","slug":"buchanans-red-seal-750-ml","status":"publish","type":"product","link":"https:\/\/gruposotillo.com\/barranquilla\/producto\/buchanans-red-seal-750-ml\/","title":{"rendered":"BUCHANAN&#8217;S RED SEAL 750 ML"},"content":{"rendered":"<p>BUCHANAN&#8217;S RED SEAL 750 ML<\/p>\n","protected":false},"excerpt":{"rendered":"<p>La casa Buchanan&#8217;s ofrece en la edici\u00f3n Red Seal su m\u00e1s perfecto producto, inspirado en la edici\u00f3n que Sir James Buchanan creara, a principios del siglo XX, para el Rey de Inglaterra Eduardo VII. Un whisky Single Malt, a\u00f1ejado en las mismas barricas donde se a\u00f1ejan desde hace muchos a\u00f1os los mejores whiskies de grano y malta de toda Escocia. Excelente cuerpo y sabor, de final humoso y aromas frutales, se presenta como uno de los whiskies tipo Scotch m\u00e1s prestigiosos del mundo.<\/p>\n","protected":false},"featured_media":15087,"comment_status":"closed","ping_status":"closed","template":"","meta":{"_acf_changed":false},"product_cat":[49],"product_tag":[],"class_list":{"0":"post-15086","1":"product","2":"type-product","3":"status-publish","4":"has-post-thumbnail","6":"product_cat-blended-whisky","8":"first","9":"outofstock","10":"taxable","11":"shipping-taxable","12":"purchasable","13":"product-type-simple"},"acf":[],"jetpack_sharing_enabled":true,"_links":{"self":[{"href":"https:\/\/gruposotillo.com\/barranquilla\/wp-json\/wp\/v2\/product\/15086","targetHints":{"allow":["GET"]}}],"collection":[{"href":"https:\/\/gruposotillo.com\/barranquilla\/wp-json\/wp\/v2\/product"}],"about":[{"href":"https:\/\/gruposotillo.com\/barranquilla\/wp-json\/wp\/v2\/types\/product"}],"replies":[{"embeddable":true,"href":"https:\/\/gruposotillo.com\/barranquilla\/wp-json\/wp\/v2\/comments?post=15086"}],"wp:featuredmedia":[{"embeddable":true,"href":"https:\/\/gruposotillo.com\/barranquilla\/wp-json\/wp\/v2\/media\/15087"}],"wp:attachment":[{"href":"https:\/\/gruposotillo.com\/barranquilla\/wp-json\/wp\/v2\/media?parent=15086"}],"wp:term":[{"taxonomy":"product_cat","embeddable":true,"href":"https:\/\/gruposotillo.com\/barranquilla\/wp-json\/wp\/v2\/product_cat?post=15086"},{"taxonomy":"product_tag","embeddable":true,"href":"https:\/\/gruposotillo.com\/barranquilla\/wp-json\/wp\/v2\/product_tag?post=15086"}],"curies":[{"name":"wp","href":"https:\/\/api.w.org\/{rel}","templated":true}]}}