{"id":15072,"date":"2023-02-18T13:19:25","date_gmt":"2023-02-18T13:19:25","guid":{"rendered":"https:\/\/gruposotillo.com\/barranquilla\/?post_type=product&#038;p=15072"},"modified":"2023-09-29T01:56:47","modified_gmt":"2023-09-29T01:56:47","slug":"glenmorangie-750-ml","status":"publish","type":"product","link":"https:\/\/gruposotillo.com\/barranquilla\/producto\/glenmorangie-750-ml\/","title":{"rendered":"GLENMORANGIE 750 ML"},"content":{"rendered":"<p>GLENMORANGIE 750 ML<\/p>\n","protected":false},"excerpt":{"rendered":"<p>La expresi\u00f3n original y la columna vertebral de la gama de Glenmorangie. A diez a\u00f1os de edad, single malt, Glenmorangie original es producida por casarse con el delicado esp\u00edritu que se desprende de los alambiques m\u00e1s altos de Escocia, con el primer y segundo relleno blanco de roble de barricas borb\u00f3nicas estadounidenses. Las barricas cuidadosamente seleccionadas se utilizan s\u00f3lo dos veces, para asegurar que la cantidad m\u00e1xima de sabor siempre se extrae durante la maduraci\u00f3n, la entrega de un redondo, sabor m\u00e1s suave.<\/p>\n","protected":false},"featured_media":15073,"comment_status":"closed","ping_status":"closed","template":"","meta":{"_acf_changed":false},"product_cat":[50],"product_tag":[],"class_list":{"0":"post-15072","1":"product","2":"type-product","3":"status-publish","4":"has-post-thumbnail","6":"product_cat-single-malt-whisky","8":"first","9":"instock","10":"taxable","11":"shipping-taxable","12":"purchasable","13":"product-type-simple"},"acf":[],"jetpack_sharing_enabled":true,"_links":{"self":[{"href":"https:\/\/gruposotillo.com\/barranquilla\/wp-json\/wp\/v2\/product\/15072","targetHints":{"allow":["GET"]}}],"collection":[{"href":"https:\/\/gruposotillo.com\/barranquilla\/wp-json\/wp\/v2\/product"}],"about":[{"href":"https:\/\/gruposotillo.com\/barranquilla\/wp-json\/wp\/v2\/types\/product"}],"replies":[{"embeddable":true,"href":"https:\/\/gruposotillo.com\/barranquilla\/wp-json\/wp\/v2\/comments?post=15072"}],"wp:featuredmedia":[{"embeddable":true,"href":"https:\/\/gruposotillo.com\/barranquilla\/wp-json\/wp\/v2\/media\/15073"}],"wp:attachment":[{"href":"https:\/\/gruposotillo.com\/barranquilla\/wp-json\/wp\/v2\/media?parent=15072"}],"wp:term":[{"taxonomy":"product_cat","embeddable":true,"href":"https:\/\/gruposotillo.com\/barranquilla\/wp-json\/wp\/v2\/product_cat?post=15072"},{"taxonomy":"product_tag","embeddable":true,"href":"https:\/\/gruposotillo.com\/barranquilla\/wp-json\/wp\/v2\/product_tag?post=15072"}],"curies":[{"name":"wp","href":"https:\/\/api.w.org\/{rel}","templated":true}]}}