{"id":15068,"date":"2023-02-18T13:19:24","date_gmt":"2023-02-18T13:19:24","guid":{"rendered":"https:\/\/gruposotillo.com\/barranquilla\/?post_type=product&#038;p=15068"},"modified":"2024-05-21T20:05:49","modified_gmt":"2024-05-21T20:05:49","slug":"botran-15-anos-700-ml","status":"publish","type":"product","link":"https:\/\/gruposotillo.com\/barranquilla\/producto\/botran-15-anos-700-ml\/","title":{"rendered":"BOTRAN 15 A\u00d1OS 700 ML"},"content":{"rendered":"<p>BOTRAN 15 A\u00d1OS 700 ML<\/p>\n","protected":false},"excerpt":{"rendered":"<p>Ron A\u00f1ejado Botran 15 a\u00f1os es a\u00f1ejado bajo el Sistema Solera en las monta\u00f1as de Guatemala, en barricas de roble blanco que previamente contuvieron Whiskey Americano, barricas tostadas, barricas que antes a\u00f1ejaron viejos vinos de Jerez y en barricas donde maduraron vinos de Oporto.<\/p>\n","protected":false},"featured_media":15069,"comment_status":"closed","ping_status":"closed","template":"","meta":{"_acf_changed":false},"product_cat":[24],"product_tag":[],"class_list":{"0":"post-15068","1":"product","2":"type-product","3":"status-publish","4":"has-post-thumbnail","6":"product_cat-ron","8":"first","9":"instock","10":"taxable","11":"shipping-taxable","12":"purchasable","13":"product-type-simple"},"acf":[],"jetpack_sharing_enabled":true,"_links":{"self":[{"href":"https:\/\/gruposotillo.com\/barranquilla\/wp-json\/wp\/v2\/product\/15068","targetHints":{"allow":["GET"]}}],"collection":[{"href":"https:\/\/gruposotillo.com\/barranquilla\/wp-json\/wp\/v2\/product"}],"about":[{"href":"https:\/\/gruposotillo.com\/barranquilla\/wp-json\/wp\/v2\/types\/product"}],"replies":[{"embeddable":true,"href":"https:\/\/gruposotillo.com\/barranquilla\/wp-json\/wp\/v2\/comments?post=15068"}],"wp:featuredmedia":[{"embeddable":true,"href":"https:\/\/gruposotillo.com\/barranquilla\/wp-json\/wp\/v2\/media\/15069"}],"wp:attachment":[{"href":"https:\/\/gruposotillo.com\/barranquilla\/wp-json\/wp\/v2\/media?parent=15068"}],"wp:term":[{"taxonomy":"product_cat","embeddable":true,"href":"https:\/\/gruposotillo.com\/barranquilla\/wp-json\/wp\/v2\/product_cat?post=15068"},{"taxonomy":"product_tag","embeddable":true,"href":"https:\/\/gruposotillo.com\/barranquilla\/wp-json\/wp\/v2\/product_tag?post=15068"}],"curies":[{"name":"wp","href":"https:\/\/api.w.org\/{rel}","templated":true}]}}