{"id":15058,"date":"2023-02-18T13:19:23","date_gmt":"2023-02-18T13:19:23","guid":{"rendered":"https:\/\/gruposotillo.com\/barranquilla\/?post_type=product&#038;p=15058"},"modified":"2023-12-13T09:00:12","modified_gmt":"2023-12-13T09:00:12","slug":"absolut-citron-700-ml","status":"publish","type":"product","link":"https:\/\/gruposotillo.com\/barranquilla\/producto\/absolut-citron-700-ml\/","title":{"rendered":"ABSOLUT CITRON 700 ML"},"content":{"rendered":"<p>ABSOLUT CITRON 700 ML<\/p>\n","protected":false},"excerpt":{"rendered":"<p>El vodka Absolut Citron es un vodka elaborado en Suecia, m\u00e1s concretamente en Ahus, mediante el proceso de destilaci\u00f3n continua, el cual destila infinitas veces el alcohol.<\/p>\n<p>Este Absolut Citron sigue completamente el proceso del Absolut original y cl\u00e1sico, a excepci\u00f3n del lim\u00f3n y, en menor proporci\u00f3n la lima, que se le a\u00f1aden para convertirlo en lo que es, un vodka con sabor a lim\u00f3n.<\/p>\n<p>Absolut Citron se elabora exclusivamente a base de ingredientes naturales y no se le a\u00f1aden az\u00facares a\u00f1adidos.<\/p>\n","protected":false},"featured_media":15059,"comment_status":"closed","ping_status":"closed","template":"","meta":{"_acf_changed":false},"product_cat":[26],"product_tag":[],"class_list":{"0":"post-15058","1":"product","2":"type-product","3":"status-publish","4":"has-post-thumbnail","6":"product_cat-vodka","8":"first","9":"instock","10":"taxable","11":"shipping-taxable","12":"purchasable","13":"product-type-simple"},"acf":[],"jetpack_sharing_enabled":true,"_links":{"self":[{"href":"https:\/\/gruposotillo.com\/barranquilla\/wp-json\/wp\/v2\/product\/15058","targetHints":{"allow":["GET"]}}],"collection":[{"href":"https:\/\/gruposotillo.com\/barranquilla\/wp-json\/wp\/v2\/product"}],"about":[{"href":"https:\/\/gruposotillo.com\/barranquilla\/wp-json\/wp\/v2\/types\/product"}],"replies":[{"embeddable":true,"href":"https:\/\/gruposotillo.com\/barranquilla\/wp-json\/wp\/v2\/comments?post=15058"}],"wp:featuredmedia":[{"embeddable":true,"href":"https:\/\/gruposotillo.com\/barranquilla\/wp-json\/wp\/v2\/media\/15059"}],"wp:attachment":[{"href":"https:\/\/gruposotillo.com\/barranquilla\/wp-json\/wp\/v2\/media?parent=15058"}],"wp:term":[{"taxonomy":"product_cat","embeddable":true,"href":"https:\/\/gruposotillo.com\/barranquilla\/wp-json\/wp\/v2\/product_cat?post=15058"},{"taxonomy":"product_tag","embeddable":true,"href":"https:\/\/gruposotillo.com\/barranquilla\/wp-json\/wp\/v2\/product_tag?post=15058"}],"curies":[{"name":"wp","href":"https:\/\/api.w.org\/{rel}","templated":true}]}}