{"id":15056,"date":"2023-02-18T13:19:22","date_gmt":"2023-02-18T13:19:22","guid":{"rendered":"https:\/\/gruposotillo.com\/barranquilla\/?post_type=product&#038;p=15056"},"modified":"2023-06-29T15:48:02","modified_gmt":"2023-06-29T15:48:02","slug":"absolut-700-ml","status":"publish","type":"product","link":"https:\/\/gruposotillo.com\/barranquilla\/producto\/absolut-700-ml\/","title":{"rendered":"ABSOLUT 700 ML"},"content":{"rendered":"<p>ABSOLUT 700 ML<\/p>\n","protected":false},"excerpt":{"rendered":"<p>Sin saberlo, al crear el Absolut Rent Br\u00e4nvin (absolute pure vodka), Olsson Smith invent\u00f3 lo que cien a\u00f1os despu\u00e9s se conocer\u00eda como Absolut. El vodka sueco comenz\u00f3 a venderse en 1879. Mientras muchos publicistas suecos se romp\u00edan la cabeza pensando qu\u00e9 tipo de envase usar para comercializar el producto, Peter Ekelund, Lars B\u00f6rje Carlsson y Gunnar Broman, de la agencia Carlsson and Broman, encontraron la soluci\u00f3n:<\/p>\n<p>Una botella totalmente transparente, sin etiqueta, con las letras grabadas encima para poder ver a trav\u00e9s de ella. Con toques plateados y la foto de su fundador: Lars Olsson Smith. <i>\u00a1Era claramente una botella de jarabe medicinal!<\/i> Gunnar Broman al ver las botellas de medicina suecas tuvo la gran idea de embotellar el vodka en aquellos envases despu\u00e9s de todo, en los siglos XVI y XVII, el vodka era comercializado como una medicina que promet\u00eda curar muchos males.<\/p>\n<p>La botella de Absolut Vodka hab\u00eda nacido. Esta botella es hoy d\u00eda uno de los grandes dise\u00f1os de la historia y una obra maestra del dise\u00f1o en cristal<\/p>\n","protected":false},"featured_media":15057,"comment_status":"closed","ping_status":"closed","template":"","meta":{"_acf_changed":false},"product_cat":[26],"product_tag":[],"class_list":{"0":"post-15056","1":"product","2":"type-product","3":"status-publish","4":"has-post-thumbnail","6":"product_cat-vodka","8":"first","9":"instock","10":"taxable","11":"shipping-taxable","12":"purchasable","13":"product-type-simple"},"acf":[],"jetpack_sharing_enabled":true,"_links":{"self":[{"href":"https:\/\/gruposotillo.com\/barranquilla\/wp-json\/wp\/v2\/product\/15056","targetHints":{"allow":["GET"]}}],"collection":[{"href":"https:\/\/gruposotillo.com\/barranquilla\/wp-json\/wp\/v2\/product"}],"about":[{"href":"https:\/\/gruposotillo.com\/barranquilla\/wp-json\/wp\/v2\/types\/product"}],"replies":[{"embeddable":true,"href":"https:\/\/gruposotillo.com\/barranquilla\/wp-json\/wp\/v2\/comments?post=15056"}],"wp:featuredmedia":[{"embeddable":true,"href":"https:\/\/gruposotillo.com\/barranquilla\/wp-json\/wp\/v2\/media\/15057"}],"wp:attachment":[{"href":"https:\/\/gruposotillo.com\/barranquilla\/wp-json\/wp\/v2\/media?parent=15056"}],"wp:term":[{"taxonomy":"product_cat","embeddable":true,"href":"https:\/\/gruposotillo.com\/barranquilla\/wp-json\/wp\/v2\/product_cat?post=15056"},{"taxonomy":"product_tag","embeddable":true,"href":"https:\/\/gruposotillo.com\/barranquilla\/wp-json\/wp\/v2\/product_tag?post=15056"}],"curies":[{"name":"wp","href":"https:\/\/api.w.org\/{rel}","templated":true}]}}