{"id":15044,"date":"2023-02-18T13:19:21","date_gmt":"2023-02-18T13:19:21","guid":{"rendered":"https:\/\/gruposotillo.com\/barranquilla\/?post_type=product&#038;p=15044"},"modified":"2024-05-21T20:08:14","modified_gmt":"2024-05-21T20:08:14","slug":"la-hechicera-700ml","status":"publish","type":"product","link":"https:\/\/gruposotillo.com\/barranquilla\/producto\/la-hechicera-700ml\/","title":{"rendered":"LA HECHICERA 700ML"},"content":{"rendered":"<p>LA HECHICERA 700ML<\/p>\n","protected":false},"excerpt":{"rendered":"<p>Ron La Hechicera, una combinaci\u00f3n de rones a\u00f1ejados de 12 a 21 a\u00f1os en barricas de roble blanco, es una experiencia sensorial \u00fanica; color \u00e1mbar intenso; aroma a madera, tabaco y caf\u00e9; al gusto notas de cacao, vainilla, cascara de naranja y pimienta negra. Especialmente n\u00edtido y seco, sin aditivos ni azucares a\u00f1adidos, La Hechicera proviene de los mejores destilados de ca\u00f1a del Caribe, a\u00f1ejados durante d\u00e9cadas en barricas que alguna vez maduraron whiskey bourbon.<\/p>\n","protected":false},"featured_media":15045,"comment_status":"closed","ping_status":"closed","template":"","meta":{"_acf_changed":false},"product_cat":[24],"product_tag":[],"class_list":{"0":"post-15044","1":"product","2":"type-product","3":"status-publish","4":"has-post-thumbnail","6":"product_cat-ron","8":"first","9":"instock","10":"taxable","11":"shipping-taxable","12":"purchasable","13":"product-type-simple"},"acf":[],"jetpack_sharing_enabled":true,"_links":{"self":[{"href":"https:\/\/gruposotillo.com\/barranquilla\/wp-json\/wp\/v2\/product\/15044","targetHints":{"allow":["GET"]}}],"collection":[{"href":"https:\/\/gruposotillo.com\/barranquilla\/wp-json\/wp\/v2\/product"}],"about":[{"href":"https:\/\/gruposotillo.com\/barranquilla\/wp-json\/wp\/v2\/types\/product"}],"replies":[{"embeddable":true,"href":"https:\/\/gruposotillo.com\/barranquilla\/wp-json\/wp\/v2\/comments?post=15044"}],"wp:featuredmedia":[{"embeddable":true,"href":"https:\/\/gruposotillo.com\/barranquilla\/wp-json\/wp\/v2\/media\/15045"}],"wp:attachment":[{"href":"https:\/\/gruposotillo.com\/barranquilla\/wp-json\/wp\/v2\/media?parent=15044"}],"wp:term":[{"taxonomy":"product_cat","embeddable":true,"href":"https:\/\/gruposotillo.com\/barranquilla\/wp-json\/wp\/v2\/product_cat?post=15044"},{"taxonomy":"product_tag","embeddable":true,"href":"https:\/\/gruposotillo.com\/barranquilla\/wp-json\/wp\/v2\/product_tag?post=15044"}],"curies":[{"name":"wp","href":"https:\/\/api.w.org\/{rel}","templated":true}]}}