{"id":15026,"date":"2023-02-18T13:19:18","date_gmt":"2023-02-18T13:19:18","guid":{"rendered":"https:\/\/gruposotillo.com\/barranquilla\/?post_type=product&#038;p=15026"},"modified":"2024-09-12T16:20:54","modified_gmt":"2024-09-12T16:20:54","slug":"glenfiddich-15-anos-750ml","status":"publish","type":"product","link":"https:\/\/gruposotillo.com\/barranquilla\/producto\/glenfiddich-15-anos-750ml\/","title":{"rendered":"GLENFIDDICH 15 A\u00d1OS 750ML"},"content":{"rendered":"<p>GLENFIDDICH 15 A\u00d1OS 750ML<\/p>\n","protected":false},"excerpt":{"rendered":"<p>GLENFIDDICH\u00a0es una destiler\u00eda de whisky escoc\u00e9s de malta situada en Dufftown, Scotland, en la regi\u00f3n de Speyside. Pertenece a William Grant &amp; Sons. La presentaci\u00f3n<span class=\"goog-text-highlight\">\u00a0de 15 a\u00f1os es un whisky de malta verdaderamente especial que ejemplifica tradici\u00f3n de innovaci\u00f3n de la familia. <\/span>Sus sabores c\u00e1lidos y picantes son creados usando una t\u00e9cnica iniciada por nuestro quinto Maestro de malta, David Stewart, y continuaron hasta nuestros d\u00edas.<\/p>\n<p>Envejecido en Europa, Am\u00e9rica , y Nueva roble americano para liberar cuidadosamente los sabores de barril v\u00edrgenes, el whisky se suaviz\u00f3 despu\u00e9s en la \u00fanica destileria en cuba antes de casarse en toneles de roble portugues.\u00a0Una explosi\u00f3n de sabores, el primero de 15 a\u00f1os para entrar en los diez mejores de venta de whiskies de malta en el mundo es uno de los favoritos de muchos en la destiler\u00eda, y una vez que lo pruebas, es f\u00e1cil ver por qu\u00e9<\/p>\n","protected":false},"featured_media":15027,"comment_status":"closed","ping_status":"closed","template":"","meta":{"_acf_changed":false},"product_cat":[50],"product_tag":[],"class_list":{"0":"post-15026","1":"product","2":"type-product","3":"status-publish","4":"has-post-thumbnail","6":"product_cat-single-malt-whisky","8":"first","9":"instock","10":"taxable","11":"shipping-taxable","12":"purchasable","13":"product-type-simple"},"acf":[],"jetpack_sharing_enabled":true,"_links":{"self":[{"href":"https:\/\/gruposotillo.com\/barranquilla\/wp-json\/wp\/v2\/product\/15026","targetHints":{"allow":["GET"]}}],"collection":[{"href":"https:\/\/gruposotillo.com\/barranquilla\/wp-json\/wp\/v2\/product"}],"about":[{"href":"https:\/\/gruposotillo.com\/barranquilla\/wp-json\/wp\/v2\/types\/product"}],"replies":[{"embeddable":true,"href":"https:\/\/gruposotillo.com\/barranquilla\/wp-json\/wp\/v2\/comments?post=15026"}],"wp:featuredmedia":[{"embeddable":true,"href":"https:\/\/gruposotillo.com\/barranquilla\/wp-json\/wp\/v2\/media\/15027"}],"wp:attachment":[{"href":"https:\/\/gruposotillo.com\/barranquilla\/wp-json\/wp\/v2\/media?parent=15026"}],"wp:term":[{"taxonomy":"product_cat","embeddable":true,"href":"https:\/\/gruposotillo.com\/barranquilla\/wp-json\/wp\/v2\/product_cat?post=15026"},{"taxonomy":"product_tag","embeddable":true,"href":"https:\/\/gruposotillo.com\/barranquilla\/wp-json\/wp\/v2\/product_tag?post=15026"}],"curies":[{"name":"wp","href":"https:\/\/api.w.org\/{rel}","templated":true}]}}