{"id":15020,"date":"2023-02-18T13:19:17","date_gmt":"2023-02-18T13:19:17","guid":{"rendered":"https:\/\/gruposotillo.com\/barranquilla\/?post_type=product&#038;p=15020"},"modified":"2023-02-18T13:19:18","modified_gmt":"2023-02-18T13:19:18","slug":"chiva-regal-12-anos-375ml","status":"publish","type":"product","link":"https:\/\/gruposotillo.com\/barranquilla\/producto\/chiva-regal-12-anos-375ml\/","title":{"rendered":"CHIVA REGAL 12 A\u00d1OS 375ML"},"content":{"rendered":"<p>CHIVA REGAL 12 A\u00d1OS 375ML<\/p>\n","protected":false},"excerpt":{"rendered":"<p><span style=\"color: #191919\">Chivas Regal 12 a\u00f1os es una expresi\u00f3n de una tradici\u00f3n \u00fanica que ha continuado inalterada desde que los hermanos Chivas presentaron por primera vez al mundo el rico y suave whisky escoc\u00e9s de Chivas Regal.\u00a0En la actualidad Chivas Regal es una de las marcas premium de whisky con mayor volumen de ventas alrededor del mundo, con un crecimiento del 40% de las mismas en los \u00faltimos 4 a\u00f1os, siendo exportado a m\u00e1s de 200 pa\u00edses. Es el m\u00e1s vendido en\u00a0Europa y el Extremo Oriente.<\/span><\/p>\n","protected":false},"featured_media":15021,"comment_status":"closed","ping_status":"closed","template":"","meta":{"_acf_changed":false},"product_cat":[20],"product_tag":[],"class_list":{"0":"post-15020","1":"product","2":"type-product","3":"status-publish","4":"has-post-thumbnail","6":"product_cat-whisky","8":"first","9":"instock","10":"taxable","11":"shipping-taxable","12":"purchasable","13":"product-type-simple"},"acf":[],"jetpack_sharing_enabled":true,"_links":{"self":[{"href":"https:\/\/gruposotillo.com\/barranquilla\/wp-json\/wp\/v2\/product\/15020","targetHints":{"allow":["GET"]}}],"collection":[{"href":"https:\/\/gruposotillo.com\/barranquilla\/wp-json\/wp\/v2\/product"}],"about":[{"href":"https:\/\/gruposotillo.com\/barranquilla\/wp-json\/wp\/v2\/types\/product"}],"replies":[{"embeddable":true,"href":"https:\/\/gruposotillo.com\/barranquilla\/wp-json\/wp\/v2\/comments?post=15020"}],"wp:featuredmedia":[{"embeddable":true,"href":"https:\/\/gruposotillo.com\/barranquilla\/wp-json\/wp\/v2\/media\/15021"}],"wp:attachment":[{"href":"https:\/\/gruposotillo.com\/barranquilla\/wp-json\/wp\/v2\/media?parent=15020"}],"wp:term":[{"taxonomy":"product_cat","embeddable":true,"href":"https:\/\/gruposotillo.com\/barranquilla\/wp-json\/wp\/v2\/product_cat?post=15020"},{"taxonomy":"product_tag","embeddable":true,"href":"https:\/\/gruposotillo.com\/barranquilla\/wp-json\/wp\/v2\/product_tag?post=15020"}],"curies":[{"name":"wp","href":"https:\/\/api.w.org\/{rel}","templated":true}]}}