{"id":14990,"date":"2023-02-18T13:19:14","date_gmt":"2023-02-18T13:19:14","guid":{"rendered":"https:\/\/gruposotillo.com\/barranquilla\/?post_type=product&#038;p=14990"},"modified":"2024-05-21T20:18:01","modified_gmt":"2024-05-21T20:18:01","slug":"medellin-anejo-3-anos-garrafa-x2000ml","status":"publish","type":"product","link":"https:\/\/gruposotillo.com\/barranquilla\/producto\/medellin-anejo-3-anos-garrafa-x2000ml\/","title":{"rendered":"MEDELLIN A\u00d1EJO 3 A\u00d1OS GARRAFA x2000ml"},"content":{"rendered":"<p>MEDELLIN A\u00d1EJO 3 A\u00d1OS GARRAFA x2000ml<\/p>\n","protected":false},"excerpt":{"rendered":"<p><span style=\"color: #191919\">Poseedor del encanto y el misterio del Caribe, el Ron incita a la aventura y la vida disipada, pero tambi\u00e9n acompa\u00f1a los momentos de inspiraci\u00f3n y calma. Su olor, su sabor y su color caracter\u00edsticos lo hacen una de las bebidas destiladas de mayor venta en el mundo.\u00a0El Ron Medell\u00edn A\u00f1ejo es obtenido a partir de los mostos fermentados de la ca\u00f1a de az\u00facar que despu\u00e9s de haber sido procesados son a\u00f1ejados en toneles de roble con el fin de obtener su magn\u00edfico color dorado, su aroma y el sabor que lo caracterizan.\u00a0Es uno de los pocos rones en el mundo a\u00f1ejado naturalmente por un m\u00ednimo de tres a\u00f1os, por esto usted puede estar seguro de su pureza y de su calidad, que se manifiestan en el rico y delicioso bouquet.<\/span><\/p>\n","protected":false},"featured_media":14991,"comment_status":"closed","ping_status":"closed","template":"","meta":{"_acf_changed":false},"product_cat":[24],"product_tag":[],"class_list":{"0":"post-14990","1":"product","2":"type-product","3":"status-publish","4":"has-post-thumbnail","6":"product_cat-ron","8":"first","9":"instock","10":"taxable","11":"shipping-taxable","12":"purchasable","13":"product-type-simple"},"acf":[],"jetpack_sharing_enabled":true,"_links":{"self":[{"href":"https:\/\/gruposotillo.com\/barranquilla\/wp-json\/wp\/v2\/product\/14990","targetHints":{"allow":["GET"]}}],"collection":[{"href":"https:\/\/gruposotillo.com\/barranquilla\/wp-json\/wp\/v2\/product"}],"about":[{"href":"https:\/\/gruposotillo.com\/barranquilla\/wp-json\/wp\/v2\/types\/product"}],"replies":[{"embeddable":true,"href":"https:\/\/gruposotillo.com\/barranquilla\/wp-json\/wp\/v2\/comments?post=14990"}],"wp:featuredmedia":[{"embeddable":true,"href":"https:\/\/gruposotillo.com\/barranquilla\/wp-json\/wp\/v2\/media\/14991"}],"wp:attachment":[{"href":"https:\/\/gruposotillo.com\/barranquilla\/wp-json\/wp\/v2\/media?parent=14990"}],"wp:term":[{"taxonomy":"product_cat","embeddable":true,"href":"https:\/\/gruposotillo.com\/barranquilla\/wp-json\/wp\/v2\/product_cat?post=14990"},{"taxonomy":"product_tag","embeddable":true,"href":"https:\/\/gruposotillo.com\/barranquilla\/wp-json\/wp\/v2\/product_tag?post=14990"}],"curies":[{"name":"wp","href":"https:\/\/api.w.org\/{rel}","templated":true}]}}