{"id":14980,"date":"2023-02-18T13:19:13","date_gmt":"2023-02-18T13:19:13","guid":{"rendered":"https:\/\/gruposotillo.com\/barranquilla\/?post_type=product&#038;p=14980"},"modified":"2024-01-25T07:38:39","modified_gmt":"2024-01-25T07:38:39","slug":"buchanans-18-anos","status":"publish","type":"product","link":"https:\/\/gruposotillo.com\/barranquilla\/producto\/buchanans-18-anos\/","title":{"rendered":"BUCHANAN\u2019S 18 A\u00d1OS"},"content":{"rendered":"<p>BUCHANAN\u2019S 18 A\u00d1OS<\/p>\n","protected":false},"excerpt":{"rendered":"<p><span style=\"color: #191919\">\u00c1mbar dorado, al ponerlo a trasluz se puede apreciar c\u00f3mo el l\u00edquido transmite sutiles destellos. Nariz: Frutas c\u00edtricas y miel. Sugerencia de chocolate y naranja, con una suave nota ahumada. Sabor: Muy suave, con sabor a mandarinas, naranjas y limones que dan paso a un ligero toque de chocolate con leche. Final: Ligero y floral con un cosquilleo de humo. Conclusi\u00f3n: Buchanan\u2019s De Luxe es un Blended muy suave que se ha ganado el aprecio de millones de personas en Am\u00e9rica Latina.<\/span><\/p>\n","protected":false},"featured_media":14981,"comment_status":"closed","ping_status":"closed","template":"","meta":{"_acf_changed":false},"product_cat":[49],"product_tag":[],"class_list":{"0":"post-14980","1":"product","2":"type-product","3":"status-publish","4":"has-post-thumbnail","6":"product_cat-blended-whisky","8":"first","9":"instock","10":"taxable","11":"shipping-taxable","12":"purchasable","13":"product-type-simple"},"acf":[],"jetpack_sharing_enabled":true,"_links":{"self":[{"href":"https:\/\/gruposotillo.com\/barranquilla\/wp-json\/wp\/v2\/product\/14980","targetHints":{"allow":["GET"]}}],"collection":[{"href":"https:\/\/gruposotillo.com\/barranquilla\/wp-json\/wp\/v2\/product"}],"about":[{"href":"https:\/\/gruposotillo.com\/barranquilla\/wp-json\/wp\/v2\/types\/product"}],"replies":[{"embeddable":true,"href":"https:\/\/gruposotillo.com\/barranquilla\/wp-json\/wp\/v2\/comments?post=14980"}],"wp:featuredmedia":[{"embeddable":true,"href":"https:\/\/gruposotillo.com\/barranquilla\/wp-json\/wp\/v2\/media\/14981"}],"wp:attachment":[{"href":"https:\/\/gruposotillo.com\/barranquilla\/wp-json\/wp\/v2\/media?parent=14980"}],"wp:term":[{"taxonomy":"product_cat","embeddable":true,"href":"https:\/\/gruposotillo.com\/barranquilla\/wp-json\/wp\/v2\/product_cat?post=14980"},{"taxonomy":"product_tag","embeddable":true,"href":"https:\/\/gruposotillo.com\/barranquilla\/wp-json\/wp\/v2\/product_tag?post=14980"}],"curies":[{"name":"wp","href":"https:\/\/api.w.org\/{rel}","templated":true}]}}