{"id":14976,"date":"2023-02-18T13:19:12","date_gmt":"2023-02-18T13:19:12","guid":{"rendered":"https:\/\/gruposotillo.com\/barranquilla\/?post_type=product&#038;p=14976"},"modified":"2023-12-13T09:07:12","modified_gmt":"2023-12-13T09:07:12","slug":"baileys-375ml","status":"publish","type":"product","link":"https:\/\/gruposotillo.com\/barranquilla\/producto\/baileys-375ml\/","title":{"rendered":"BAILEYS 375ML"},"content":{"rendered":"<p>BAILEYS 375ML<\/p>\n","protected":false},"excerpt":{"rendered":"<p><span style=\"color: #191919\">Baileys es la crema de whisky Irlandesa original, creadora de la categor\u00eda de cremas. Es la \u00fanica crema cuyos ingredientes son 100% naturales y que garantiza 24 meses de vida desde la fecha en la que se elabor\u00f3 debido a su proceso de producci\u00f3n con el m\u00e1s estricto control de calidad patentado. La ventaja principal es su exquisito e inigualable sabor que la hace perfecta para acompa\u00f1ar las reuniones con amigos y familia en casa. \u00bfBaileys engorda m\u00e1s que los otros licores? No, Baileys tiene menos calor\u00edas que &nbsp;una copa de vino o que un vodka con jugo de naranja.<\/span><\/p>\n","protected":false},"featured_media":14977,"comment_status":"closed","ping_status":"closed","template":"","meta":{"_acf_changed":false},"product_cat":[20],"product_tag":[],"class_list":{"0":"post-14976","1":"product","2":"type-product","3":"status-publish","4":"has-post-thumbnail","6":"product_cat-whisky","8":"first","9":"instock","10":"taxable","11":"shipping-taxable","12":"purchasable","13":"product-type-simple"},"acf":[],"jetpack_sharing_enabled":true,"_links":{"self":[{"href":"https:\/\/gruposotillo.com\/barranquilla\/wp-json\/wp\/v2\/product\/14976","targetHints":{"allow":["GET"]}}],"collection":[{"href":"https:\/\/gruposotillo.com\/barranquilla\/wp-json\/wp\/v2\/product"}],"about":[{"href":"https:\/\/gruposotillo.com\/barranquilla\/wp-json\/wp\/v2\/types\/product"}],"replies":[{"embeddable":true,"href":"https:\/\/gruposotillo.com\/barranquilla\/wp-json\/wp\/v2\/comments?post=14976"}],"wp:featuredmedia":[{"embeddable":true,"href":"https:\/\/gruposotillo.com\/barranquilla\/wp-json\/wp\/v2\/media\/14977"}],"wp:attachment":[{"href":"https:\/\/gruposotillo.com\/barranquilla\/wp-json\/wp\/v2\/media?parent=14976"}],"wp:term":[{"taxonomy":"product_cat","embeddable":true,"href":"https:\/\/gruposotillo.com\/barranquilla\/wp-json\/wp\/v2\/product_cat?post=14976"},{"taxonomy":"product_tag","embeddable":true,"href":"https:\/\/gruposotillo.com\/barranquilla\/wp-json\/wp\/v2\/product_tag?post=14976"}],"curies":[{"name":"wp","href":"https:\/\/api.w.org\/{rel}","templated":true}]}}