{"id":17043,"date":"2023-06-21T19:16:51","date_gmt":"2023-06-21T19:16:51","guid":{"rendered":"https:\/\/gruposotillo.com\/barranquilla\/?page_id=17043"},"modified":"2025-07-08T06:48:32","modified_gmt":"2025-07-08T06:48:32","slug":"nosotros","status":"publish","type":"page","link":"https:\/\/gruposotillo.com\/barranquilla\/nosotros\/","title":{"rendered":"Nosotros"},"content":{"rendered":"\t\t<div data-elementor-type=\"wp-page\" data-elementor-id=\"17043\" class=\"elementor elementor-17043\">\n\t\t\t\t\t\t\t\t\t<section data-particle_enable=\"false\" data-particle-mobile-disabled=\"false\" data-dce-background-image-url=\"https:\/\/gruposotillo.com\/barranquilla\/wp-content\/uploads\/sites\/2\/2023\/06\/wine-left-side-vector-1.jpg\" class=\"wd-negative-gap elementor-section elementor-top-section elementor-element elementor-element-1e50ccf wd-section-stretch elementor-section-content-middle elementor-reverse-tablet elementor-reverse-mobile elementor-section-boxed elementor-section-height-default elementor-section-height-default\" data-id=\"1e50ccf\" data-element_type=\"section\" data-settings=\"{&quot;background_background&quot;:&quot;classic&quot;,&quot;_ha_eqh_enable&quot;:false,&quot;ekit_has_onepagescroll_dot&quot;:&quot;yes&quot;}\">\n\t\t\t\t\t\t<div class=\"elementor-container elementor-column-gap-default\">\n\t\t\t\t\t<div class=\"elementor-column elementor-col-50 elementor-top-column elementor-element elementor-element-68b20551\" data-id=\"68b20551\" data-element_type=\"column\">\n\t\t\t<div class=\"elementor-widget-wrap elementor-element-populated\">\n\t\t\t\t\t\t\t\t<div class=\"elementor-element elementor-element-5a7d6ff0 elementor-widget elementor-widget-heading\" data-id=\"5a7d6ff0\" data-element_type=\"widget\" data-settings=\"{&quot;ekit_we_effect_on&quot;:&quot;none&quot;}\" data-widget_type=\"heading.default\">\n\t\t\t\t<div class=\"elementor-widget-container\">\n\t\t\t<h2 class=\"elementor-heading-title elementor-size-default\">Nosotros<\/h2>\t\t<\/div>\n\t\t\t\t<\/div>\n\t\t\t\t<div class=\"elementor-element elementor-element-304d70e0 elementor-widget elementor-widget-wd_text_block\" data-id=\"304d70e0\" data-element_type=\"widget\" data-settings=\"{&quot;ekit_we_effect_on&quot;:&quot;none&quot;}\" data-widget_type=\"wd_text_block.default\">\n\t\t\t\t<div class=\"elementor-widget-container\">\n\t\t\t\t\t<div class=\"wd-text-block reset-last-child text-left\">\n\t\t\t\n\t\t\t<p>En Sotillo Licores, nuestra pasi\u00f3n es brindar a nuestros clientes una experiencia \u00fanica en el mundo de los licores. Ubicada en la hermosa ciudad de Barranquilla, contamos con una trayectoria de varios a\u00f1os en la industria, ofreciendo una amplia selecci\u00f3n de bebidas de alta calidad a precios inigualables.<\/p><p>Nuestro compromiso es garantizar la satisfacci\u00f3n de nuestros clientes, por lo que nos esforzamos en ofrecer los mejores precios del mercado sin comprometer la excelencia de nuestros productos. Trabajamos directamente con los principales productores y distribuidores, lo que nos permite asegurar que cada botella que llega a nuestras estanter\u00edas cumpla con los m\u00e1s altos est\u00e1ndares de calidad.<\/p>\n\t\t\t\t\t<\/div>\n\t\t\t\t<\/div>\n\t\t\t\t<\/div>\n\t\t\t\t\t<\/div>\n\t\t<\/div>\n\t\t\t\t<div class=\"elementor-column elementor-col-50 elementor-top-column elementor-element elementor-element-6764d38e\" data-id=\"6764d38e\" data-element_type=\"column\">\n\t\t\t<div class=\"elementor-widget-wrap elementor-element-populated\">\n\t\t\t\t\t\t\t\t<div class=\"elementor-element elementor-element-093ceca dce_masking-none elementor-widget elementor-widget-image\" data-id=\"093ceca\" data-element_type=\"widget\" data-settings=\"{&quot;ekit_we_effect_on&quot;:&quot;none&quot;}\" data-widget_type=\"image.default\">\n\t\t\t\t<div class=\"elementor-widget-container\">\n\t\t\t\t\t\t\t\t\t\t\t\t\t\t\t<img fetchpriority=\"high\" decoding=\"async\" width=\"687\" height=\"800\" src=\"https:\/\/gruposotillo.com\/barranquilla\/wp-content\/uploads\/sites\/2\/2023\/06\/licores.png\" class=\"attachment-large size-large wp-image-17057\" alt=\"\" srcset=\"https:\/\/gruposotillo.com\/barranquilla\/wp-content\/uploads\/sites\/2\/2023\/06\/licores.png 687w, https:\/\/gruposotillo.com\/barranquilla\/wp-content\/uploads\/sites\/2\/2023\/06\/licores-258x300.png 258w, https:\/\/gruposotillo.com\/barranquilla\/wp-content\/uploads\/sites\/2\/2023\/06\/licores-600x699.png 600w, https:\/\/gruposotillo.com\/barranquilla\/wp-content\/uploads\/sites\/2\/2023\/06\/licores-150x175.png 150w, https:\/\/gruposotillo.com\/barranquilla\/wp-content\/uploads\/sites\/2\/2023\/06\/licores-64x75.png 64w\" sizes=\"(max-width: 687px) 100vw, 687px\" \/>\t\t\t\t\t\t\t\t\t\t\t\t\t\t\t<\/div>\n\t\t\t\t<\/div>\n\t\t\t\t\t<\/div>\n\t\t<\/div>\n\t\t\t\t\t\t\t<\/div>\n\t\t<\/section>\n\t\t\t\t<section data-particle_enable=\"false\" data-particle-mobile-disabled=\"false\" data-dce-background-image-url=\"https:\/\/gruposotillo.com\/barranquilla\/wp-content\/uploads\/sites\/2\/2023\/06\/wine-left-side-vector-1.jpg\" class=\"wd-negative-gap elementor-section elementor-top-section elementor-element elementor-element-f7dd366 wd-section-stretch elementor-section-content-middle elementor-reverse-tablet elementor-reverse-mobile elementor-section-boxed elementor-section-height-default elementor-section-height-default\" data-id=\"f7dd366\" data-element_type=\"section\" data-settings=\"{&quot;background_background&quot;:&quot;classic&quot;,&quot;_ha_eqh_enable&quot;:false,&quot;ekit_has_onepagescroll_dot&quot;:&quot;yes&quot;}\">\n\t\t\t\t\t\t<div class=\"elementor-container elementor-column-gap-default\">\n\t\t\t\t\t<div class=\"elementor-column elementor-col-50 elementor-top-column elementor-element elementor-element-a3ccbf9\" data-id=\"a3ccbf9\" data-element_type=\"column\">\n\t\t\t<div class=\"elementor-widget-wrap elementor-element-populated\">\n\t\t\t\t\t\t\t\t<section data-particle_enable=\"false\" data-particle-mobile-disabled=\"false\" data-dce-background-color=\"#BFA13F\" data-dce-background-image-url=\"https:\/\/gruposotillo.com\/barranquilla\/wp-content\/uploads\/sites\/2\/2023\/06\/dot.png\" class=\"elementor-section elementor-inner-section elementor-element elementor-element-ce3884f elementor-section-full_width elementor-section-height-default elementor-section-height-default wd-section-disabled\" data-id=\"ce3884f\" data-element_type=\"section\" data-settings=\"{&quot;background_background&quot;:&quot;classic&quot;,&quot;_ha_eqh_enable&quot;:false,&quot;ekit_has_onepagescroll_dot&quot;:&quot;yes&quot;}\">\n\t\t\t\t\t\t<div class=\"elementor-container elementor-column-gap-no\">\n\t\t\t\t\t<div class=\"elementor-column elementor-col-100 elementor-inner-column elementor-element elementor-element-9eb512d\" data-id=\"9eb512d\" data-element_type=\"column\">\n\t\t\t<div class=\"elementor-widget-wrap elementor-element-populated\">\n\t\t\t\t\t\t\t\t<div class=\"elementor-element elementor-element-52e38e0 dce_masking-none elementor-widget elementor-widget-image\" data-id=\"52e38e0\" data-element_type=\"widget\" data-settings=\"{&quot;ekit_we_effect_on&quot;:&quot;none&quot;}\" data-widget_type=\"image.default\">\n\t\t\t\t<div class=\"elementor-widget-container\">\n\t\t\t\t\t\t\t\t\t\t\t\t\t\t\t<img decoding=\"async\" width=\"525\" height=\"350\" src=\"https:\/\/gruposotillo.com\/barranquilla\/wp-content\/uploads\/sites\/2\/2023\/06\/licorera.jpg\" class=\"attachment-full size-full wp-image-17059\" alt=\"\" srcset=\"https:\/\/gruposotillo.com\/barranquilla\/wp-content\/uploads\/sites\/2\/2023\/06\/licorera.jpg 525w, https:\/\/gruposotillo.com\/barranquilla\/wp-content\/uploads\/sites\/2\/2023\/06\/licorera-300x200.jpg 300w, https:\/\/gruposotillo.com\/barranquilla\/wp-content\/uploads\/sites\/2\/2023\/06\/licorera-150x100.jpg 150w, https:\/\/gruposotillo.com\/barranquilla\/wp-content\/uploads\/sites\/2\/2023\/06\/licorera-64x43.jpg 64w\" sizes=\"(max-width: 525px) 100vw, 525px\" \/>\t\t\t\t\t\t\t\t\t\t\t\t\t\t\t<\/div>\n\t\t\t\t<\/div>\n\t\t\t\t\t<\/div>\n\t\t<\/div>\n\t\t\t\t\t\t\t<\/div>\n\t\t<\/section>\n\t\t\t\t\t<\/div>\n\t\t<\/div>\n\t\t\t\t<div class=\"elementor-column elementor-col-50 elementor-top-column elementor-element elementor-element-bf5dcce\" data-id=\"bf5dcce\" data-element_type=\"column\">\n\t\t\t<div class=\"elementor-widget-wrap elementor-element-populated\">\n\t\t\t\t\t\t\t\t<div class=\"elementor-element elementor-element-b3abe4b elementor-widget elementor-widget-wd_text_block\" data-id=\"b3abe4b\" data-element_type=\"widget\" data-settings=\"{&quot;ekit_we_effect_on&quot;:&quot;none&quot;}\" data-widget_type=\"wd_text_block.default\">\n\t\t\t\t<div class=\"elementor-widget-container\">\n\t\t\t\t\t<div class=\"wd-text-block reset-last-child text-left\">\n\t\t\t\n\t\t\t<p>En Sotillo Licores, creemos en la diversidad y en la importancia de satisfacer los gustos y preferencias individuales de nuestros clientes. Por esta raz\u00f3n, ofrecemos una amplia gama de licores que abarca desde los cl\u00e1sicos y tradicionales hasta las \u00faltimas tendencias y novedades del mundo de las bebidas espirituosas. Vinos, licores destilados, cervezas artesanales y m\u00e1s, \u00a1lo tenemos todo para satisfacer los paladares m\u00e1s exigentes!<\/p><p>Nuestro equipo de expertos en licores est\u00e1 siempre dispuesto a asesorarte y brindarte recomendaciones personalizadas. Si est\u00e1s buscando el maridaje perfecto para una cena especial, el regalo ideal para un ser querido o simplemente deseas explorar nuevas opciones, estamos aqu\u00ed para ayudarte. Valoramos la confianza que nuestros clientes depositan en nosotros y nos esforzamos por superar sus expectativas\u00a0en\u00a0cada\u00a0visita.<\/p>\n\t\t\t\t\t<\/div>\n\t\t\t\t<\/div>\n\t\t\t\t<\/div>\n\t\t\t\t\t<\/div>\n\t\t<\/div>\n\t\t\t\t\t\t\t<\/div>\n\t\t<\/section>\n\t\t\t\t\t\t\t<\/div>\n\t\t","protected":false},"excerpt":{"rendered":"<p>Nosotros En Sotillo Licores, nuestra pasi\u00f3n es brindar a nuestros clientes una experiencia \u00fanica en el mundo de los licores.<\/p>\n","protected":false},"author":1,"featured_media":0,"parent":0,"menu_order":0,"comment_status":"closed","ping_status":"closed","template":"elementor_header_footer","meta":{"_acf_changed":false,"footnotes":""},"class_list":["post-17043","page","type-page","status-publish","hentry"],"acf":[],"jetpack_sharing_enabled":true,"_links":{"self":[{"href":"https:\/\/gruposotillo.com\/barranquilla\/wp-json\/wp\/v2\/pages\/17043","targetHints":{"allow":["GET"]}}],"collection":[{"href":"https:\/\/gruposotillo.com\/barranquilla\/wp-json\/wp\/v2\/pages"}],"about":[{"href":"https:\/\/gruposotillo.com\/barranquilla\/wp-json\/wp\/v2\/types\/page"}],"author":[{"embeddable":true,"href":"https:\/\/gruposotillo.com\/barranquilla\/wp-json\/wp\/v2\/users\/1"}],"replies":[{"embeddable":true,"href":"https:\/\/gruposotillo.com\/barranquilla\/wp-json\/wp\/v2\/comments?post=17043"}],"version-history":[{"count":17,"href":"https:\/\/gruposotillo.com\/barranquilla\/wp-json\/wp\/v2\/pages\/17043\/revisions"}],"predecessor-version":[{"id":18229,"href":"https:\/\/gruposotillo.com\/barranquilla\/wp-json\/wp\/v2\/pages\/17043\/revisions\/18229"}],"wp:attachment":[{"href":"https:\/\/gruposotillo.com\/barranquilla\/wp-json\/wp\/v2\/media?parent=17043"}],"curies":[{"name":"wp","href":"https:\/\/api.w.org\/{rel}","templated":true}]}}