{"id":13,"date":"2023-02-15T19:53:51","date_gmt":"2023-02-15T19:53:51","guid":{"rendered":"https:\/\/gruposotillo.com\/barranquilla\/?page_id=13"},"modified":"2025-07-08T06:48:41","modified_gmt":"2025-07-08T06:48:41","slug":"preguntas-frecuentes","status":"publish","type":"page","link":"https:\/\/gruposotillo.com\/barranquilla\/preguntas-frecuentes\/","title":{"rendered":"Preguntas Frecuentes"},"content":{"rendered":"\t\t<div data-elementor-type=\"wp-page\" data-elementor-id=\"13\" class=\"elementor elementor-13\">\n\t\t\t\t\t\t\t\t\t<section data-particle_enable=\"false\" data-particle-mobile-disabled=\"false\" class=\"wd-negative-gap elementor-section elementor-top-section elementor-element elementor-element-615fad1f elementor-hidden-tablet elementor-hidden-mobile elementor-section-boxed elementor-section-height-default elementor-section-height-default wd-section-disabled\" data-id=\"615fad1f\" data-element_type=\"section\" data-settings=\"{&quot;_ha_eqh_enable&quot;:false,&quot;ekit_has_onepagescroll_dot&quot;:&quot;yes&quot;}\">\n\t\t\t\t\t\t<div class=\"elementor-container elementor-column-gap-default\">\n\t\t\t\t\t<div class=\"elementor-column elementor-col-100 elementor-top-column elementor-element elementor-element-3ceaa771\" data-id=\"3ceaa771\" data-element_type=\"column\">\n\t\t\t<div class=\"elementor-widget-wrap elementor-element-populated\">\n\t\t\t\t\t\t\t\t<div class=\"elementor-element elementor-element-6b3cee6a elementor-widget elementor-widget-spacer\" data-id=\"6b3cee6a\" data-element_type=\"widget\" data-settings=\"{&quot;ekit_we_effect_on&quot;:&quot;none&quot;}\" data-widget_type=\"spacer.default\">\n\t\t\t\t<div class=\"elementor-widget-container\">\n\t\t\t\t\t<div class=\"elementor-spacer\">\n\t\t\t<div class=\"elementor-spacer-inner\"><\/div>\n\t\t<\/div>\n\t\t\t\t<\/div>\n\t\t\t\t<\/div>\n\t\t\t\t\t<\/div>\n\t\t<\/div>\n\t\t\t\t\t\t\t<\/div>\n\t\t<\/section>\n\t\t\t\t<section data-particle_enable=\"false\" data-particle-mobile-disabled=\"false\" data-dce-background-image-url=\"https:\/\/gruposotillo.com\/barranquilla\/wp-content\/uploads\/sites\/2\/2023\/02\/p26.jpg\" class=\"wd-negative-gap elementor-section elementor-top-section elementor-element elementor-element-7286a1cb elementor-section-boxed elementor-section-height-default elementor-section-height-default wd-section-disabled\" data-id=\"7286a1cb\" data-element_type=\"section\" data-settings=\"{&quot;background_background&quot;:&quot;classic&quot;,&quot;_ha_eqh_enable&quot;:false,&quot;ekit_has_onepagescroll_dot&quot;:&quot;yes&quot;}\">\n\t\t\t\t\t\t\t<div class=\"elementor-background-overlay\"><\/div>\n\t\t\t\t\t\t\t<div class=\"elementor-container elementor-column-gap-default\">\n\t\t\t\t\t<div class=\"elementor-column elementor-col-50 elementor-top-column elementor-element elementor-element-654e76d2\" data-id=\"654e76d2\" data-element_type=\"column\" data-settings=\"{&quot;background_background&quot;:&quot;classic&quot;}\">\n\t\t\t<div class=\"elementor-widget-wrap elementor-element-populated\">\n\t\t\t\t\t\t\t\t<div class=\"elementor-element elementor-element-75052422 elementor-widget elementor-widget-heading\" data-id=\"75052422\" data-element_type=\"widget\" data-settings=\"{&quot;ekit_we_effect_on&quot;:&quot;none&quot;}\" data-widget_type=\"heading.default\">\n\t\t\t\t<div class=\"elementor-widget-container\">\n\t\t\t<h2 class=\"elementor-heading-title elementor-size-default\">Preguntas <\/h2>\t\t<\/div>\n\t\t\t\t<\/div>\n\t\t\t\t<div class=\"elementor-element elementor-element-4f0b6ecf elementor-widget elementor-widget-heading\" data-id=\"4f0b6ecf\" data-element_type=\"widget\" data-settings=\"{&quot;ekit_we_effect_on&quot;:&quot;none&quot;}\" data-widget_type=\"heading.default\">\n\t\t\t\t<div class=\"elementor-widget-container\">\n\t\t\t<h2 class=\"elementor-heading-title elementor-size-default\">Frecuentes<\/h2>\t\t<\/div>\n\t\t\t\t<\/div>\n\t\t\t\t\t<\/div>\n\t\t<\/div>\n\t\t\t\t<div data-dce-background-color=\"#ffffff\" class=\"elementor-column elementor-col-50 elementor-top-column elementor-element elementor-element-27178fcb\" data-id=\"27178fcb\" data-element_type=\"column\" data-settings=\"{&quot;background_background&quot;:&quot;classic&quot;}\">\n\t\t\t<div class=\"elementor-widget-wrap elementor-element-populated\">\n\t\t\t\t\t\t\t\t<div class=\"elementor-element elementor-element-d1034f0 elementor-widget elementor-widget-eael-adv-accordion\" data-id=\"d1034f0\" data-element_type=\"widget\" data-settings=\"{&quot;ekit_we_effect_on&quot;:&quot;none&quot;}\" data-widget_type=\"eael-adv-accordion.default\">\n\t\t\t\t<div class=\"elementor-widget-container\">\n\t\t\t        <div class=\"eael-adv-accordion\" id=\"eael-adv-accordion-d1034f0\" data-scroll-on-click=\"no\" data-scroll-speed=\"300\" data-accordion-id=\"d1034f0\" data-accordion-type=\"accordion\" data-toogle-speed=\"300\">\n    <div class=\"eael-accordion-list\">\n                <div id=\"quin-me-contesta-el-telfono\" class=\"elementor-tab-title eael-accordion-header\" tabindex=\"0\" data-tab=\"1\" aria-controls=\"elementor-tab-content-2191\"><span class=\"eael-advanced-accordion-icon-closed\"><i aria-hidden=\"true\" class=\"fa-accordion-icon fas fa-plus\"><\/i><\/span><span class=\"eael-advanced-accordion-icon-opened\"><i aria-hidden=\"true\" class=\"fa-accordion-icon fas fa-minus\"><\/i><\/span><span class=\"eael-accordion-tab-title\">\u00bfQui\u00e9n me contesta el tel\u00e9fono?<\/span><\/div><div id=\"elementor-tab-content-2191\" class=\"eael-accordion-content clearfix\" data-tab=\"1\" aria-labelledby=\"quin-me-contesta-el-telfono\"><p>Contamos con el mejor talento humano, son Mujeres y Hombres con entrenamiento para atenderte de manera satisfactoria y orientarte en lo que respecta a productos, tiempos de entrega, forma de pago y otras inquietudes.\u00a0Nuestras herramientas tecnol\u00f3gicas de geolocalizaci\u00f3n garantizan que nuestro servicio sea una experiencia oportuna y de servicio.<\/p><\/div>\n                <\/div><div class=\"eael-accordion-list\">\n                <div id=\"por-qu-no-llegan-a-la-zona-donde-vivo\" class=\"elementor-tab-title eael-accordion-header\" tabindex=\"0\" data-tab=\"2\" aria-controls=\"elementor-tab-content-2192\"><span class=\"eael-advanced-accordion-icon-closed\"><i aria-hidden=\"true\" class=\"fa-accordion-icon fas fa-plus\"><\/i><\/span><span class=\"eael-advanced-accordion-icon-opened\"><i aria-hidden=\"true\" class=\"fa-accordion-icon fas fa-minus\"><\/i><\/span><span class=\"eael-accordion-tab-title\">\u00bfPor qu\u00e9 no llegan a la zona donde vivo?<\/span><\/div><div id=\"elementor-tab-content-2192\" class=\"eael-accordion-content clearfix\" data-tab=\"2\" aria-labelledby=\"por-qu-no-llegan-a-la-zona-donde-vivo\"><p>Principalmente por operatividad, log\u00edstica y seguridad; no llegamos a otro punto de las zonas en donde el trayecto pueda tomar m\u00e1s de 35 minutos desde\u00a0nuestro punto de venta.<\/p><\/div>\n                <\/div><div class=\"eael-accordion-list\">\n                <div id=\"en-cunto-tiempo-recibo-mi-pedido\" class=\"elementor-tab-title eael-accordion-header\" tabindex=\"0\" data-tab=\"3\" aria-controls=\"elementor-tab-content-2193\"><span class=\"eael-advanced-accordion-icon-closed\"><i aria-hidden=\"true\" class=\"fa-accordion-icon fas fa-plus\"><\/i><\/span><span class=\"eael-advanced-accordion-icon-opened\"><i aria-hidden=\"true\" class=\"fa-accordion-icon fas fa-minus\"><\/i><\/span><span class=\"eael-accordion-tab-title\">\u00bfEn cu\u00e1nto tiempo recibo mi pedido?<\/span><\/div><div id=\"elementor-tab-content-2193\" class=\"eael-accordion-content clearfix\" data-tab=\"3\" aria-labelledby=\"en-cunto-tiempo-recibo-mi-pedido\"><p>Una vez nuestro agente del call center haya confirmado telef\u00f3nicamente los datos de entrega y los productos a enviar, tu pedido llegar\u00e1\u00a0en 25 y\/\u00f3 30 minutos. Debes tener en cuenta nuestra cobertura y que sobre horas pico (viernes y s\u00e1bado entre las 00:00hs y 02:00hs) los domicilios se entregar\u00e1n en promedio en 35min. \u2013 45 min. Nuestro compromiso es entregarle a tiempo y ofrecerle una experiencia \u00fanica en servicio.<\/p><\/div>\n                <\/div><div class=\"eael-accordion-list\">\n                <div id=\"cunto-cobran-por-el-domicilio\" class=\"elementor-tab-title eael-accordion-header\" tabindex=\"0\" data-tab=\"4\" aria-controls=\"elementor-tab-content-2194\"><span class=\"eael-advanced-accordion-icon-closed\"><i aria-hidden=\"true\" class=\"fa-accordion-icon fas fa-plus\"><\/i><\/span><span class=\"eael-advanced-accordion-icon-opened\"><i aria-hidden=\"true\" class=\"fa-accordion-icon fas fa-minus\"><\/i><\/span><span class=\"eael-accordion-tab-title\">\u00bfCu\u00e1nto cobran por el domicilio?<\/span><\/div><div id=\"elementor-tab-content-2194\" class=\"eael-accordion-content clearfix\" data-tab=\"4\" aria-labelledby=\"cunto-cobran-por-el-domicilio\"><p>El costo del domicilio\u00a0 depende de su direcci\u00f3n y debe ser cancelado idealmente\u00a0en\u00a0efectivo, la tarifa m\u00ednima a cobrar seria de $5000 y para aplicar a la misma su ubicaci\u00f3n debe estar dentro de un radio menor a un kil\u00f3metro de nuestra cede principal<\/p><\/div>\n                <\/div><div class=\"eael-accordion-list\">\n                <div id=\"hacen-pedidos-grandes-y-atienden-eventos-corporativos\" class=\"elementor-tab-title eael-accordion-header\" tabindex=\"0\" data-tab=\"5\" aria-controls=\"elementor-tab-content-2195\"><span class=\"eael-advanced-accordion-icon-closed\"><i aria-hidden=\"true\" class=\"fa-accordion-icon fas fa-plus\"><\/i><\/span><span class=\"eael-advanced-accordion-icon-opened\"><i aria-hidden=\"true\" class=\"fa-accordion-icon fas fa-minus\"><\/i><\/span><span class=\"eael-accordion-tab-title\">\u00bfHacen pedidos grandes y atienden eventos corporativos?<\/span><\/div><div id=\"elementor-tab-content-2195\" class=\"eael-accordion-content clearfix\" data-tab=\"5\" aria-labelledby=\"hacen-pedidos-grandes-y-atienden-eventos-corporativos\"><p>Nuestro servicio est\u00e1 orientado a todo tipo de clientes, sean finales y\/o corporativos\u2026 Atendemos ventas directas a Hoteles, Moteles, Bares, Restaurantes, Discotecas, Casas de banquetes, Eventos, Ferias\u2026 Adiconalmente, atentemos eventos empresariales, sociales y familiares. Escr\u00edbenos para hacer tu pedido o solicitar un presupuesto con antelaci\u00f3n al correo: info@gruposotillo.com<\/p><\/div>\n                <\/div><\/div>\t\t<\/div>\n\t\t\t\t<\/div>\n\t\t\t\t\t<\/div>\n\t\t<\/div>\n\t\t\t\t\t\t\t<\/div>\n\t\t<\/section>\n\t\t\t\t\t\t\t<\/div>\n\t\t","protected":false},"excerpt":{"rendered":"<p>Preguntas Frecuentes \u00bfQui\u00e9n me contesta el tel\u00e9fono? Contamos con el mejor talento humano, son Mujeres y Hombres con entrenamiento para<\/p>\n","protected":false},"author":1,"featured_media":0,"parent":0,"menu_order":0,"comment_status":"closed","ping_status":"closed","template":"elementor_header_footer","meta":{"_acf_changed":false,"footnotes":""},"class_list":["post-13","page","type-page","status-publish","hentry"],"acf":[],"jetpack_sharing_enabled":true,"_links":{"self":[{"href":"https:\/\/gruposotillo.com\/barranquilla\/wp-json\/wp\/v2\/pages\/13","targetHints":{"allow":["GET"]}}],"collection":[{"href":"https:\/\/gruposotillo.com\/barranquilla\/wp-json\/wp\/v2\/pages"}],"about":[{"href":"https:\/\/gruposotillo.com\/barranquilla\/wp-json\/wp\/v2\/types\/page"}],"author":[{"embeddable":true,"href":"https:\/\/gruposotillo.com\/barranquilla\/wp-json\/wp\/v2\/users\/1"}],"replies":[{"embeddable":true,"href":"https:\/\/gruposotillo.com\/barranquilla\/wp-json\/wp\/v2\/comments?post=13"}],"version-history":[{"count":37,"href":"https:\/\/gruposotillo.com\/barranquilla\/wp-json\/wp\/v2\/pages\/13\/revisions"}],"predecessor-version":[{"id":17024,"href":"https:\/\/gruposotillo.com\/barranquilla\/wp-json\/wp\/v2\/pages\/13\/revisions\/17024"}],"wp:attachment":[{"href":"https:\/\/gruposotillo.com\/barranquilla\/wp-json\/wp\/v2\/media?parent=13"}],"curies":[{"name":"wp","href":"https:\/\/api.w.org\/{rel}","templated":true}]}}